{"id":262,"date":"2018-11-15T12:06:43","date_gmt":"2018-11-15T11:06:43","guid":{"rendered":"https:\/\/biomedicale.u-paris.fr\/?page_id=262"},"modified":"2018-11-15T12:06:43","modified_gmt":"2018-11-15T11:06:43","slug":"bibliotheque","status":"publish","type":"page","link":"https:\/\/biomedicale-project.u-paris-sciences.fr\/?page_id=262","title":{"rendered":"Biblioth\u00e8que"},"content":{"rendered":"<p>[et_pb_section fb_built=\u00a0\u00bb1&Prime; _builder_version=\u00a0\u00bb3.22&Prime;][et_pb_row _builder_version=\u00a0\u00bb3.25&Prime; background_size=\u00a0\u00bbinitial\u00a0\u00bb background_position=\u00a0\u00bbtop_left\u00a0\u00bb background_repeat=\u00a0\u00bbrepeat\u00a0\u00bb][et_pb_column type=\u00a0\u00bb4_4&Prime; _builder_version=\u00a0\u00bb3.25&Prime; custom_padding=\u00a0\u00bb|||\u00a0\u00bb custom_padding__hover=\u00a0\u00bb|||\u00a0\u00bb][et_pb_post_title meta=\u00a0\u00bboff\u00a0\u00bb featured_image=\u00a0\u00bboff\u00a0\u00bb _builder_version=\u00a0\u00bb3.8.1&Prime;][\/et_pb_post_title][et_pb_text _builder_version=\u00a0\u00bb4.9.4&Prime; hover_enabled=\u00a0\u00bb0&Prime; sticky_enabled=\u00a0\u00bb0&Prime;]<\/p>\n<h3><em>Retrouvez toutes les informations sur<\/em><\/h3>\n<p><em><\/em><\/p>\n<ul>\n<li>la Biblioth\u00e8que du Campus St-Germain <a href=\"https:\/\/u-paris.fr\/bibliotheques\/bu-st-germain-des-pres\/\" target=\"_blank\" rel=\"noopener\" title=\"https:\/\/u-paris.fr\/bibliotheques\/bu-st-germain-des-pres\/\">ici<\/a><\/li>\n<li>les biblioth\u00e8ques offrant des collections en sciences \u00e0 Universit\u00e9 de Paris <a href=\"https:\/\/u-paris.fr\/bibliotheques\/bibliotheques-sciences\/\" target=\"_blank\" rel=\"noopener\" title=\"https:\/\/u-paris.fr\/bibliotheques\/bibliotheques-sciences\/\">ici<\/a><\/li>\n<li>l&rsquo;acc\u00e8s \u00e0 l&rsquo;ensemble de la documentation en ligne et les informations sur les biblioth\u00e8ques d&rsquo;Universit\u00e9 de Paris <a href=\"https:\/\/u-paris.fr\/bibliotheques\/\" target=\"_blank\" rel=\"noopener\" title=\"https:\/\/u-paris.fr\/bibliotheques\/\">ici<\/a><\/li>\n<\/ul>\n<p>[\/et_pb_text][\/et_pb_column][\/et_pb_row][\/et_pb_section]<\/p>\n","protected":false},"excerpt":{"rendered":"<p>Retrouvez toutes les informations sur la Biblioth\u00e8que du Campus St-Germain ici les biblioth\u00e8ques offrant des collections en sciences \u00e0 Universit\u00e9 de Paris ici l&rsquo;acc\u00e8s \u00e0 l&rsquo;ensemble de la documentation en ligne et les informations sur les biblioth\u00e8ques d&rsquo;Universit\u00e9 de Paris ici<\/p>\n","protected":false},"author":1,"featured_media":0,"parent":0,"menu_order":0,"comment_status":"closed","ping_status":"closed","template":"","meta":{"_acf_changed":false,"_et_pb_use_builder":"on","_et_pb_old_content":"","_et_gb_content_width":"","footnotes":""},"class_list":["post-262","page","type-page","status-publish","hentry"],"acf":[],"_links":{"self":[{"href":"https:\/\/biomedicale-project.u-paris-sciences.fr\/index.php?rest_route=\/wp\/v2\/pages\/262","targetHints":{"allow":["GET"]}}],"collection":[{"href":"https:\/\/biomedicale-project.u-paris-sciences.fr\/index.php?rest_route=\/wp\/v2\/pages"}],"about":[{"href":"https:\/\/biomedicale-project.u-paris-sciences.fr\/index.php?rest_route=\/wp\/v2\/types\/page"}],"author":[{"embeddable":true,"href":"https:\/\/biomedicale-project.u-paris-sciences.fr\/index.php?rest_route=\/wp\/v2\/users\/1"}],"replies":[{"embeddable":true,"href":"https:\/\/biomedicale-project.u-paris-sciences.fr\/index.php?rest_route=%2Fwp%2Fv2%2Fcomments&post=262"}],"version-history":[{"count":0,"href":"https:\/\/biomedicale-project.u-paris-sciences.fr\/index.php?rest_route=\/wp\/v2\/pages\/262\/revisions"}],"wp:attachment":[{"href":"https:\/\/biomedicale-project.u-paris-sciences.fr\/index.php?rest_route=%2Fwp%2Fv2%2Fmedia&parent=262"}],"curies":[{"name":"wp","href":"https:\/\/api.w.org\/{rel}","templated":true}]}}