{"id":240,"date":"2018-11-15T12:02:11","date_gmt":"2018-11-15T11:02:11","guid":{"rendered":"https:\/\/biomedicale.u-paris.fr\/?page_id=240"},"modified":"2018-11-15T12:02:11","modified_gmt":"2018-11-15T11:02:11","slug":"calendrier-universitaire","status":"publish","type":"page","link":"https:\/\/biomedicale-project.u-paris-sciences.fr\/?page_id=240","title":{"rendered":"Calendrier universitaire"},"content":{"rendered":"<p>[et_pb_section fb_built=\u00a0\u00bb1&Prime; _builder_version=\u00a0\u00bb4.16&Prime; da_disable_devices=\u00a0\u00bboff|off|off\u00a0\u00bb global_colors_info=\u00a0\u00bb{}\u00a0\u00bb da_is_popup=\u00a0\u00bboff\u00a0\u00bb da_exit_intent=\u00a0\u00bboff\u00a0\u00bb da_has_close=\u00a0\u00bbon\u00a0\u00bb da_alt_close=\u00a0\u00bboff\u00a0\u00bb da_dark_close=\u00a0\u00bboff\u00a0\u00bb da_not_modal=\u00a0\u00bbon\u00a0\u00bb da_is_singular=\u00a0\u00bboff\u00a0\u00bb da_with_loader=\u00a0\u00bboff\u00a0\u00bb da_has_shadow=\u00a0\u00bbon\u00a0\u00bb][et_pb_row _builder_version=\u00a0\u00bb4.16&Prime; background_size=\u00a0\u00bbinitial\u00a0\u00bb background_position=\u00a0\u00bbtop_left\u00a0\u00bb background_repeat=\u00a0\u00bbrepeat\u00a0\u00bb global_colors_info=\u00a0\u00bb{}\u00a0\u00bb][et_pb_column type=\u00a0\u00bb4_4&Prime; _builder_version=\u00a0\u00bb4.16&Prime; custom_padding=\u00a0\u00bb|||\u00a0\u00bb global_colors_info=\u00a0\u00bb{}\u00a0\u00bb custom_padding__hover=\u00a0\u00bb|||\u00a0\u00bb][et_pb_post_title meta=\u00a0\u00bboff\u00a0\u00bb featured_image=\u00a0\u00bboff\u00a0\u00bb _builder_version=\u00a0\u00bb4.16&Prime; global_colors_info=\u00a0\u00bb{}\u00a0\u00bb][\/et_pb_post_title][et_pb_text _builder_version=\u00a0\u00bb4.21.0&Prime; global_colors_info=\u00a0\u00bb{}\u00a0\u00bb]<\/p>\n<div>\n<p><i>Document sous r\u00e9serve de modifications \u00e9ventuelles \/ <\/i><strong><i>Derni\u00e8re modification apport\u00e9e : le 19\/07\/2024<\/i><\/strong><\/p>\n<\/div>\n<p>[\/et_pb_text][\/et_pb_column][\/et_pb_row][et_pb_row _builder_version=\u00a0\u00bb4.16&Prime; global_colors_info=\u00a0\u00bb{}\u00a0\u00bb][et_pb_column type=\u00a0\u00bb4_4&Prime; _builder_version=\u00a0\u00bb4.16&Prime; custom_padding=\u00a0\u00bb|||\u00a0\u00bb global_colors_info=\u00a0\u00bb{}\u00a0\u00bb custom_padding__hover=\u00a0\u00bb|||\u00a0\u00bb][et_pb_tabs _builder_version=\u00a0\u00bb4.21.0&Prime; global_colors_info=\u00a0\u00bb{}\u00a0\u00bb][et_pb_tab title=\u00a0\u00bbCalendrier Licence 2024-2025&Prime; _builder_version=\u00a0\u00bb4.21.0&Prime; global_colors_info=\u00a0\u00bb{}\u00a0\u00bb]<\/p>\n<p>&nbsp;<\/p>\n<p>\u25ba <strong><u>Semestre <\/u><u>1 <\/u><\/strong> :<\/p>\n<p><strong>Licence 1 :<\/strong><\/p>\n<p style=\"margin-top: 0.49cm; margin-bottom: 0.49cm; line-height: 100%;\" align=\"justify\"><span style=\"font-size: medium;\"><b>R\u00e9union de rentr\u00e9e L1 : <\/b><\/span><span style=\"color: #7030a0;\"><span style=\"font-size: medium;\"><b>Mardi 03<\/b><\/span><\/span><span style=\"color: #7030a0;\"><sup><span style=\"font-size: medium;\"><\/span><\/sup><\/span><span style=\"color: #7030a0;\"><span style=\"font-size: medium;\"><b> septembre 2024 en Amphith\u00e9\u00e2tre Weiss<br \/><\/b><\/span><\/span><\/p>\n<p style=\"margin-top: 0.49cm; margin-bottom: 0.49cm; line-height: 100%;\" align=\"justify\"><span style=\"font-size: medium;\">Compte tenu du nombre d\u2019\u00e9tudiants inscrits en L1, deux r\u00e9unions seront organis\u00e9es.<\/span><\/p>\n<p style=\"margin-top: 0.49cm; margin-bottom: 0.49cm; line-height: 100%;\" align=\"justify\"><span style=\"font-size: medium;\">La premi\u00e8re r\u00e9union se d\u00e9roulera \u00e0 <a href=\"#ast1\"><strong>9h30<\/strong><\/a> et concerne les \u00e9tudiants inscrits administrativement en L.AS 1 et en double licence.<\/span><\/p>\n<p style=\"margin-top: 0.49cm; margin-bottom: 0.49cm; line-height: 100%;\" align=\"justify\"><span style=\"font-size: medium;\">La deuxi\u00e8me r\u00e9union se d\u00e9roulera \u00e0 <a href=\"#ast1\"><strong>13h30<\/strong><\/a>. et concerne les \u00e9tudiants inscrits administrativement en licence (dont ex-PASS 2023-2024).<br \/><\/span><\/p>\n<p style=\"margin-top: 0.49cm; margin-bottom: 0.49cm; line-height: 100%; text-align: center;\" align=\"justify\"><strong><span style=\"text-decoration: underline; color: #ff4757;\"><span>Il est imp\u00e9ratif de respecter l&rsquo;horaire de convocation.<\/span><\/span><\/strong><strong><span style=\"text-decoration: underline; color: #ff4757;\"><span style=\"font-size: medium;\"><\/span><\/span><\/strong><strong><span style=\"text-decoration: underline; color: #ff4757;\"><span style=\"font-size: medium;\"><\/span><\/span><\/strong><span style=\"font-size: medium;\"><\/span><\/p>\n<p style=\"margin-top: 0.49cm; margin-bottom: 0.49cm; line-height: 100%;\" align=\"justify\"><span style=\"font-size: medium;\">Les inscriptions p\u00e9dagogiques seront organis\u00e9es apr\u00e8s la r\u00e9union de rentr\u00e9e. Pour pouvoir effectuer son inscription p\u00e9dagogique, il sera n\u00e9cessaire d\u2019avoir r\u00e9alis\u00e9 son inscription administrative et d\u2019avoir activ\u00e9 son compte Universit\u00e9 Paris Cit\u00e9. Toutes les informations utiles pour cette activation et l\u2019inscription p\u00e9dagogique seront pr\u00e9cis\u00e9es lors de la r\u00e9union de rentr\u00e9e.<\/span><\/p>\n<p style=\"margin-top: 0.49cm; margin-bottom: 0.49cm; line-height: 100%;\" align=\"justify\"><span style=\"font-size: medium;\">Le mercredi 04 septembre, les \u00e9tudiants n\u00e9o-entrants ou r\u00e9orient\u00e9s en L1 ou L.AS 1 auront une entrevue individuelle avec un enseignant qui deviendra leur tuteur enseignant. Toutes les pr\u00e9cisions sur ce rendez-vous seront donn\u00e9es lors de la r\u00e9union de rentr\u00e9e. <strong>Les \u00e9tudiants en double licence ne sont pas concern\u00e9s<\/strong>.<\/span><span style=\"font-size: medium;\"><strong><\/strong><\/span><span style=\"font-size: medium;\"><strong><\/strong><\/span><span style=\"font-size: medium;\"><strong><\/strong><\/span><\/p>\n<p style=\"margin-top: 0.49cm; margin-bottom: 0.49cm; line-height: 100%;\" align=\"justify\"><span style=\"font-size: medium;\"><b>Enseignements <\/b><\/span><span style=\"font-size: medium;\">: <\/span><span style=\"color: #7030a0;\"><span style=\"font-size: medium;\"><b>du jeudi 05 septembre <\/b><\/span><\/span><span style=\"color: #7030a0;\"><span style=\"font-size: medium;\"><b>2024 au vendredi 20 d\u00e9cembre 2024<\/b><\/span><\/span><span style=\"font-size: medium;\"><\/span><\/p>\n<p style=\"margin-top: 0.49cm; margin-bottom: 0.49cm; line-height: 100%;\" align=\"justify\"><span style=\"font-size: medium;\"><b>Date limite de l\u2019inscription administrative : le 20 septembre 2024<\/b><\/span><\/p>\n<p style=\"margin-top: 0.49cm; margin-bottom: 0.49cm; line-height: 100%;\" align=\"justify\"><span style=\"font-size: medium;\"><b>Vacances de No\u00ebl<\/b><\/span><span style=\"font-size: medium;\"> : du samedi 21 d\u00e9cembre 2024 au lundi 06 janvier 2025 au matin<\/span><\/p>\n<p style=\"margin-top: 0.49cm; margin-bottom: 0.49cm; line-height: 100%;\" align=\"justify\"><span style=\"font-size: medium;\">La <\/span><span style=\"font-size: medium;\"><b>semaine du 06 janvier 2025<\/b><\/span><span style=\"font-size: medium;\"> est r\u00e9serv\u00e9e aux troisi\u00e8mes \u00e9valuations du semestre appel\u00e9es Devoirs Surveill\u00e9s 2 (DS2).<\/span><\/p>\n<p><strong>Licence 2 et 3 :<\/strong><\/p>\n<p style=\"margin-top: 0.49cm; margin-bottom: 0.49cm; line-height: 100%;\" align=\"justify\"><span style=\"font-size: medium;\"><b>R\u00e9union de rentr\u00e9e L2 :\u00a0<\/b><\/span><span style=\"color: #7030a0;\"><span style=\"font-size: medium;\"><b> Lundi 02 septembre 2024 en Amphith\u00e9\u00e2tre Weiss \u2013 9h<\/b><\/span><\/span><span style=\"font-size: medium;\"><\/span><span style=\"font-size: medium;\"><\/span><\/p>\n<p style=\"margin-top: 0.49cm; margin-bottom: 0.49cm; line-height: 100%;\" align=\"justify\"><span style=\"font-size: medium;\">Les inscriptions p\u00e9dagogiques seront organis\u00e9es apr\u00e8s la r\u00e9union de rentr\u00e9e. Pour pouvoir effectuer son inscription p\u00e9dagogique, il sera n\u00e9cessaire d\u2019avoir r\u00e9alis\u00e9 son inscription administrative et d\u2019avoir activ\u00e9 son compte Universit\u00e9 Paris Cit\u00e9. Toutes les informations utiles pour cette activation et l\u2019inscription p\u00e9dagogique seront pr\u00e9cis\u00e9es lors de la r\u00e9union de rentr\u00e9e.<\/span><\/p>\n<p style=\"margin-top: 0.49cm; margin-bottom: 0.49cm; line-height: 100%;\" align=\"justify\"><span style=\"font-size: medium;\"><b>Enseignements <\/b><\/span><span style=\"font-size: medium;\">: <\/span><span style=\"color: #7030a0;\"><span style=\"font-size: medium;\"><b>du mardi 03 septembre 2024 au vendredi 29 novembre <\/b><\/span><\/span><span style=\"color: #7030a0;\"><span style=\"font-size: medium;\"><b>2024<\/b><\/span><\/span><\/p>\n<p style=\"margin-top: 0.49cm; margin-bottom: 0.49cm; line-height: 100%;\" align=\"justify\"><span style=\"font-size: medium;\"><b>Examens<\/b><\/span><span style=\"font-size: medium;\">\u00a0: <\/span><span style=\"color: #7030a0;\"><span style=\"font-size: medium;\"><b>du lundi 16 d\u00e9cembre au vendredi 20 d\u00e9cembre 2024<\/b><\/span><\/span><\/p>\n<p style=\"margin-top: 0.49cm; margin-bottom: 0.49cm; line-height: 100%;\" align=\"justify\"><span style=\"font-size: medium;\"><b>Date limite d\u2019inscription administrative le 20 septembre 2024<\/b><\/span><\/p>\n<p style=\"margin-top: 0.49cm; margin-bottom: 0.49cm; line-height: 100%;\" align=\"justify\"><span style=\"font-size: medium;\"><b>Vacances de No\u00ebl :<\/b><\/span><span style=\"font-size: medium;\">\u00a0<\/span>du samedi 21 d\u00e9cembre 2024 au lundi 06 janvier 2025 au matin<\/p>\n<p style=\"margin-top: 0.49cm; margin-bottom: 0.49cm; line-height: 100%;\" align=\"justify\"><span style=\"font-size: medium;\"><b>R\u00e9union de rentr\u00e9e L3 :<\/b><\/span><span style=\"font-size: medium;\"> <\/span><span style=\"color: #7030a0;\"><span style=\"font-size: medium;\"><b>Lundi 02 septembre 2024 en Amphith\u00e9\u00e2tre Weiss \u2013 14h<\/b><\/span><\/span><span style=\"font-size: medium;\"><\/span><span style=\"font-size: medium;\"><\/span><\/p>\n<p style=\"margin-top: 0.49cm; margin-bottom: 0.49cm; line-height: 100%;\" align=\"justify\"><span style=\"font-size: medium;\">Les inscriptions p\u00e9dagogiques seront organis\u00e9es apr\u00e8s la r\u00e9union de rentr\u00e9e. Pour pouvoir effectuer son inscription p\u00e9dagogique, il sera n\u00e9cessaire d\u2019avoir r\u00e9alis\u00e9 son inscription administrative et d\u2019avoir activ\u00e9 son compte Universit\u00e9 Paris Cit\u00e9. Toutes les informations utiles pour cette activation et l\u2019inscription p\u00e9dagogique seront pr\u00e9cis\u00e9es lors de la r\u00e9union de rentr\u00e9e.<\/span><\/p>\n<p style=\"margin-top: 0.49cm; margin-bottom: 0.49cm; line-height: 100%;\" align=\"justify\"><span style=\"font-size: medium;\"><b>Enseignements <\/b><\/span><span style=\"font-size: medium;\">:\u00a0<\/span><span style=\"color: #7030a0;\"><span style=\"font-size: medium;\"><b>du mardi 03 septembre 2024 au vendredi 29 novembre <\/b><\/span><\/span><span style=\"color: #7030a0;\"><span style=\"font-size: medium;\"><b>2024<\/b><\/span><\/span><\/p>\n<p style=\"margin-top: 0.49cm; margin-bottom: 0.49cm; line-height: 100%;\" align=\"justify\"><span style=\"font-size: medium;\"><b>Examens<\/b><\/span><span style=\"font-size: medium;\">\u00a0:\u00a0<\/span><span style=\"color: #7030a0;\"><span style=\"font-size: medium;\"><b>du lundi 16 d\u00e9cembre au vendredi 20 d\u00e9cembre 2024<\/b><\/span><\/span><\/p>\n<p style=\"margin-top: 0.49cm; margin-bottom: 0.49cm; line-height: 100%;\" align=\"justify\"><span style=\"font-size: medium;\"><b>Date limite d\u2019inscription administrative le 20 septembre 2024<\/b><\/span><\/p>\n<p style=\"margin-top: 0.49cm; margin-bottom: 0.49cm; line-height: 100%;\" align=\"justify\"><span style=\"font-size: medium;\"><b>Vacances de No\u00ebl :<\/b><\/span><span style=\"font-size: medium;\">\u00a0<\/span>du samedi 21 d\u00e9cembre 2024 au lundi 06 janvier 2025 au matin<\/p>\n<p>&nbsp;<\/p>\n<p>&nbsp;<\/p>\n<p>\u25ba <strong><u>Semestre 2 <\/u><\/strong>:<\/p>\n<p style=\"margin-top: 0.49cm; margin-bottom: 0.49cm; line-height: 100%;\" align=\"justify\"><span style=\"font-size: medium;\"><b>L1 :<\/b><\/span><span style=\"font-size: medium;\"> <\/span><span style=\"color: #7030a0;\"><span style=\"font-size: medium;\"><b>Enseignements du 16 janvier 2025 au 07 mai<\/b><\/span><\/span><span style=\"color: #7030a0;\"><span style=\"font-size: medium;\"><b> 2025 \u2013 p\u00e9riode du 14 au 16 mai inclus r\u00e9serv\u00e9e pour les devoirs surveill\u00e9s 2 (DS2) -&gt; pr\u00e9visionnel <br \/><\/b><\/span><\/span><\/p>\n<p style=\"margin-top: 0.49cm; margin-bottom: 0.49cm; line-height: 100%;\" align=\"justify\"><span style=\"font-size: medium;\"><b>L2 et L3 :<\/b><\/span><span style=\"font-size: medium;\"> <\/span><span style=\"color: #7030a0;\"><span style=\"font-size: medium;\"><b>Enseignements du 06 janvier 2025 au 11 avril 2025 \u2013 semaine du 28 avril 2024 r\u00e9serv\u00e9e aux examens<\/b><\/span><\/span><\/p>\n<p style=\"margin-top: 0.49cm; margin-bottom: 0.49cm; line-height: 100%;\" align=\"justify\"><span style=\"color: #ff0000;\"><span style=\"font-size: medium;\">ATTENTION : En L2 et L3, des oraux, des TP et autres enseignements peuvent \u00eatre organis\u00e9s jusqu\u2019\u00e0 la fin du mois de mai<\/span><\/span><\/p>\n<p style=\"margin-top: 0.49cm; margin-bottom: 0.49cm; line-height: 100%;\" align=\"justify\"><span style=\"font-size: medium;\"><b>Vacances de Printemps :<\/b><\/span><span style=\"font-size: medium;\"> <\/span><span style=\"font-size: medium;\">du samedi 12 avril 2025 au lundi 28 avril 2025 au matin<\/span><\/p>\n<p style=\"margin-top: 0.49cm; margin-bottom: 0.49cm; line-height: 100%;\" align=\"justify\"><span style=\"font-size: medium;\">En L2 et L3, vous devez rester \u00e0 la disposition de l\u2019Universit\u00e9 jusqu\u2019\u00e0 fin juin 2025 (session seconde chance)<\/span><\/p>\n<p>[\/et_pb_tab][\/et_pb_tabs][et_pb_text _builder_version=\u00a0\u00bb4.21.0&Prime; _module_preset=\u00a0\u00bbdefault\u00a0\u00bb hover_enabled=\u00a0\u00bb0&Prime; global_colors_info=\u00a0\u00bb{}\u00a0\u00bb sticky_enabled=\u00a0\u00bb0&Prime;]<\/p>\n<h2>Inscriptions administratives et p\u00e9dagogiques<\/h2>\n<p>Pas encore inscrit ? Une question ?<\/p>\n<p>C&rsquo;est par-ici : <a href=\"https:\/\/biomedicale.u-paris.fr\/inscriptions-administratives-et-pedagogiques\/\" target=\"_blank\" rel=\"noopener\" title=\"Inscriptions administratives et p\u00e9dagogiques\">https:\/\/biomedicale.u-paris.fr\/inscriptions-administratives-et-pedagogiques\/<\/a><\/p>\n<p>[\/et_pb_text][\/et_pb_column][\/et_pb_row][\/et_pb_section]<\/p>\n","protected":false},"excerpt":{"rendered":"<p>Document sous r\u00e9serve de modifications \u00e9ventuelles \/ Derni\u00e8re modification apport\u00e9e : le 19\/07\/2024 &nbsp; \u25ba Semestre 1 : Licence 1 : R\u00e9union de rentr\u00e9e L1 : Mardi 03 septembre 2024 en Amphith\u00e9\u00e2tre Weiss Compte tenu du nombre d\u2019\u00e9tudiants inscrits en L1, deux r\u00e9unions seront organis\u00e9es. La premi\u00e8re r\u00e9union se d\u00e9roulera \u00e0 9h30 et concerne les [&hellip;]<\/p>\n","protected":false},"author":1,"featured_media":0,"parent":0,"menu_order":0,"comment_status":"closed","ping_status":"closed","template":"","meta":{"_acf_changed":false,"_et_pb_use_builder":"on","_et_pb_old_content":"","_et_gb_content_width":"","footnotes":""},"class_list":["post-240","page","type-page","status-publish","hentry"],"acf":[],"_links":{"self":[{"href":"https:\/\/biomedicale-project.u-paris-sciences.fr\/index.php?rest_route=\/wp\/v2\/pages\/240","targetHints":{"allow":["GET"]}}],"collection":[{"href":"https:\/\/biomedicale-project.u-paris-sciences.fr\/index.php?rest_route=\/wp\/v2\/pages"}],"about":[{"href":"https:\/\/biomedicale-project.u-paris-sciences.fr\/index.php?rest_route=\/wp\/v2\/types\/page"}],"author":[{"embeddable":true,"href":"https:\/\/biomedicale-project.u-paris-sciences.fr\/index.php?rest_route=\/wp\/v2\/users\/1"}],"replies":[{"embeddable":true,"href":"https:\/\/biomedicale-project.u-paris-sciences.fr\/index.php?rest_route=%2Fwp%2Fv2%2Fcomments&post=240"}],"version-history":[{"count":0,"href":"https:\/\/biomedicale-project.u-paris-sciences.fr\/index.php?rest_route=\/wp\/v2\/pages\/240\/revisions"}],"wp:attachment":[{"href":"https:\/\/biomedicale-project.u-paris-sciences.fr\/index.php?rest_route=%2Fwp%2Fv2%2Fmedia&parent=240"}],"curies":[{"name":"wp","href":"https:\/\/api.w.org\/{rel}","templated":true}]}}