{"id":222,"date":"2018-11-15T11:57:15","date_gmt":"2018-11-15T10:57:15","guid":{"rendered":"https:\/\/biomedicale.u-paris.fr\/?page_id=222"},"modified":"2018-11-15T11:57:15","modified_gmt":"2018-11-15T10:57:15","slug":"biomedtech-facilities","status":"publish","type":"page","link":"https:\/\/biomedicale-project.u-paris-sciences.fr\/?page_id=222","title":{"rendered":"Biomedtech Facilities"},"content":{"rendered":"<p>[et_pb_section fb_built=\u00a0\u00bb1&Prime; _builder_version=\u00a0\u00bb4.16&Prime; da_disable_devices=\u00a0\u00bboff|off|off\u00a0\u00bb global_colors_info=\u00a0\u00bb{}\u00a0\u00bb da_is_popup=\u00a0\u00bboff\u00a0\u00bb da_exit_intent=\u00a0\u00bboff\u00a0\u00bb da_has_close=\u00a0\u00bbon\u00a0\u00bb da_alt_close=\u00a0\u00bboff\u00a0\u00bb da_dark_close=\u00a0\u00bboff\u00a0\u00bb da_not_modal=\u00a0\u00bbon\u00a0\u00bb da_is_singular=\u00a0\u00bboff\u00a0\u00bb da_with_loader=\u00a0\u00bboff\u00a0\u00bb da_has_shadow=\u00a0\u00bbon\u00a0\u00bb][et_pb_row _builder_version=\u00a0\u00bb4.16&Prime; global_colors_info=\u00a0\u00bb{}\u00a0\u00bb][et_pb_column type=\u00a0\u00bb4_4&Prime; _builder_version=\u00a0\u00bb4.16&Prime; custom_padding=\u00a0\u00bb|||\u00a0\u00bb global_colors_info=\u00a0\u00bb{}\u00a0\u00bb custom_padding__hover=\u00a0\u00bb|||\u00a0\u00bb][et_pb_post_title meta=\u00a0\u00bboff\u00a0\u00bb featured_image=\u00a0\u00bboff\u00a0\u00bb admin_label=\u00a0\u00bbTitre de la page\u00a0\u00bb _builder_version=\u00a0\u00bb4.16&Prime; global_colors_info=\u00a0\u00bb{}\u00a0\u00bb][\/et_pb_post_title][\/et_pb_column][\/et_pb_row][et_pb_row column_structure=\u00a0\u00bb3_4,1_4&Prime; module_id=\u00a0\u00bbimage-page-type\u00a0\u00bb _builder_version=\u00a0\u00bb4.16&Prime; custom_padding=\u00a0\u00bb0|15px|0|15px|false|false\u00a0\u00bb global_colors_info=\u00a0\u00bb{}\u00a0\u00bb][et_pb_column type=\u00a0\u00bb3_4&Prime; _builder_version=\u00a0\u00bb4.16&Prime; custom_padding=\u00a0\u00bb|||\u00a0\u00bb global_colors_info=\u00a0\u00bb{}\u00a0\u00bb custom_padding__hover=\u00a0\u00bb|||\u00a0\u00bb][et_pb_image src=\u00a0\u00bbhttp:\/\/biomedicale-project.u-paris-sciences.fr\/wp-content\/uploads\/2020\/06\/Source_Logotype_BioMedTech_RVB.png\u00a0\u00bb align_tablet=\u00a0\u00bbcenter\u00a0\u00bb align_phone=\u00a0\u00bb\u00a0\u00bb align_last_edited=\u00a0\u00bbon|desktop\u00a0\u00bb admin_label=\u00a0\u00bbImage 1920 x 1080&Prime; module_id=\u00a0\u00bbimage-page\u00a0\u00bb _builder_version=\u00a0\u00bb4.16&Prime; max_width=\u00a0\u00bb46%\u00a0\u00bb global_colors_info=\u00a0\u00bb{}\u00a0\u00bb][\/et_pb_image][\/et_pb_column][et_pb_column type=\u00a0\u00bb1_4&Prime; _builder_version=\u00a0\u00bb4.16&Prime; custom_padding=\u00a0\u00bb|||\u00a0\u00bb global_colors_info=\u00a0\u00bb{}\u00a0\u00bb custom_padding__hover=\u00a0\u00bb|||\u00a0\u00bb][et_pb_text admin_label=\u00a0\u00bbTexte image\u00a0\u00bb module_id=\u00a0\u00bbtexte-image\u00a0\u00bb _builder_version=\u00a0\u00bb4.16&Prime; background_color=\u00a0\u00bbrgba(242,242,242,0)\u00a0\u00bb custom_margin=\u00a0\u00bb|-15px||\u00a0\u00bb global_colors_info=\u00a0\u00bb{}\u00a0\u00bb][\/et_pb_text][\/et_pb_column][\/et_pb_row][et_pb_row _builder_version=\u00a0\u00bb4.16&Prime; background_size=\u00a0\u00bbinitial\u00a0\u00bb background_position=\u00a0\u00bbtop_left\u00a0\u00bb background_repeat=\u00a0\u00bbrepeat\u00a0\u00bb global_colors_info=\u00a0\u00bb{}\u00a0\u00bb][et_pb_column type=\u00a0\u00bb4_4&Prime; _builder_version=\u00a0\u00bb4.16&Prime; custom_padding=\u00a0\u00bb|||\u00a0\u00bb global_colors_info=\u00a0\u00bb{}\u00a0\u00bb custom_padding__hover=\u00a0\u00bb|||\u00a0\u00bb][et_pb_text admin_label=\u00a0\u00bbl\u00c8gende\u00a0\u00bb module_id=\u00a0\u00bblegende\u00a0\u00bb _builder_version=\u00a0\u00bb4.16&Prime; global_colors_info=\u00a0\u00bb{}\u00a0\u00bb]<\/p>\n<div class=\"page\" title=\"Page 1\">\n<div class=\"layoutArea\">\n<div class=\"column\">\u00a9 Tous droits r\u00e9serv\u00e9s<\/div>\n<\/div>\n<\/div>\n<p>[\/et_pb_text][\/et_pb_column][\/et_pb_row][et_pb_row _builder_version=\u00a0\u00bb4.16&Prime; background_size=\u00a0\u00bbinitial\u00a0\u00bb background_position=\u00a0\u00bbtop_left\u00a0\u00bb background_repeat=\u00a0\u00bbrepeat\u00a0\u00bb custom_padding=\u00a0\u00bb0px|15px|0|15px|false|false\u00a0\u00bb global_colors_info=\u00a0\u00bb{}\u00a0\u00bb][et_pb_column type=\u00a0\u00bb4_4&Prime; _builder_version=\u00a0\u00bb4.16&Prime; custom_padding=\u00a0\u00bb|||\u00a0\u00bb global_colors_info=\u00a0\u00bb{}\u00a0\u00bb custom_padding__hover=\u00a0\u00bb|||\u00a0\u00bb][et_pb_post_slider include_categories=\u00a0\u00bb47,52,55,62&Prime; excerpt_length=\u00a0\u00bb100&Prime; show_meta=\u00a0\u00bboff\u00a0\u00bb show_image=\u00a0\u00bboff\u00a0\u00bb use_text_overlay=\u00a0\u00bboff\u00a0\u00bb _builder_version=\u00a0\u00bb4.16&Prime; use_background_color_gradient=\u00a0\u00bbon\u00a0\u00bb background_color_gradient_direction=\u00a0\u00bb274deg\u00a0\u00bb background_color_gradient_stops=\u00a0\u00bb#fb2e2f 0%|#78243f 100%\u00a0\u00bb background_color_gradient_start=\u00a0\u00bb#fb2e2f\u00a0\u00bb background_color_gradient_end=\u00a0\u00bb#78243f\u00a0\u00bb custom_button=\u00a0\u00bbon\u00a0\u00bb button_text_color=\u00a0\u00bb#000000&Prime; button_bg_color=\u00a0\u00bb#ffffff\u00a0\u00bb button_font=\u00a0\u00bb||||||||\u00a0\u00bb custom_padding=\u00a0\u00bb25px||54px\u00a0\u00bb saved_tabs=\u00a0\u00bball\u00a0\u00bb global_colors_info=\u00a0\u00bb{}\u00a0\u00bb button_icon_color__hover_enabled=\u00a0\u00bbon\u00a0\u00bb button_border_color__hover_enabled=\u00a0\u00bbon\u00a0\u00bb button_text_color__hover_enabled=\u00a0\u00bbon\u00a0\u00bb button_text_color__hover=\u00a0\u00bb#ffffff\u00a0\u00bb][\/et_pb_post_slider][et_pb_text module_id=\u00a0\u00bbcontenu\u00a0\u00bb _builder_version=\u00a0\u00bb4.21.0&Prime; hover_enabled=\u00a0\u00bb0&Prime; global_colors_info=\u00a0\u00bb{}\u00a0\u00bb sticky_enabled=\u00a0\u00bb0&Prime;]<\/p>\n<p>Situ\u00e9e sur le site du Campus Saint-Germain-des-Pr\u00e9s de Universit\u00e9 Paris Cit\u00e9, dans le sixi\u00e8me arrondissement parisien, l&rsquo;UMS BioMedTech facilities a \u00e9t\u00e9 cr\u00e9\u00e9e le 1er janvier 2019.<\/p>\n<p>Reconnue par trois tutelles, l\u2019INSERM, le CNRS et Universit\u00e9 Paris Cit\u00e9, l\u2019UMS a pour mission de <strong>g\u00e9rer et d\u00e9velopper les plateformes technologiques<\/strong> essentielles \u00e0 l&rsquo;activit\u00e9 des six unit\u00e9s de recherche de l&rsquo;UFR des Sciences Fondamentales et Biom\u00e9dicales.<\/p>\n<p>Ces Unit\u00e9s sont toutes engag\u00e9es dans une recherche multi-\u00e9chelle aux confins du Vivant, depuis l\u2019analyse mol\u00e9culaire et cellulaire jusqu\u2019aux \u00e9tudes comportementales chez le petit animal et chez l\u2019homme.<\/p>\n<p>L\u2019UMS coordonne \u00e0 ce jour huit plateformes. Elles rassemblent des savoir-faire et des expertises adoss\u00e9es \u00e0 une recherche de sp\u00e9cialit\u00e9 de haut niveau. Elles sont toutes ouvertes aux chercheurs et partenaires en Ile-de-France.<\/p>\n<h3><span class=\"ez-toc-section\" id=\"Plateformes\"><\/span>Plateformes<span class=\"ez-toc-section-end\"><\/span><\/h3>\n<p><a class=\"btnums\" style=\"float: right;\" href=\"https:\/\/gargas.biomedicale.univ-paris5.fr\/resapp\/index.php\" target=\"_blank\" rel=\"noopener noreferrer\">Acc\u00e9der au site de r\u00e9servation des plateformes<\/a><\/p>\n<ul>\n<li><a href=\"https:\/\/biomedicale.u-paris.fr\/ums\/mecanobiologie\/\">M\u00e9canobiologie<\/a><\/li>\n<li><a href=\"https:\/\/biomedicale.u-paris.fr\/ums\/prototypage\/\">Prototypage<\/a><\/li>\n<li><a href=\"https:\/\/biomedicale.u-paris.fr\/ums\/nmr-for-structural-and-metabolomics-studies\/\" title=\" M\u00e9taboParis-Sant\u00e9 \u2013 NMR for structural and metabolomics studies\"> M\u00e9taboParis-Sant\u00e9 \u2013 NMR for structural and metabolomics studies<\/a><\/li>\n<li>H\u00e9bergement et Recherche Animale &#8211; <em>Acc\u00e8s interne uniquement via<\/em> l&rsquo;<a href=\"https:\/\/intranet.biomedicale.parisdescartes.fr\/?page_id=68\">Intranet<\/a><\/li>\n<li><a href=\"https:\/\/biomedicale.u-paris.fr\/ums\/sensorimotricite-ums\/\">Sensorimotricit\u00e9<\/a><\/li>\n<li><a title=\"https:\/\/biomedicale.u-paris.fr\/biomedtech-facilities\/scm\/\" href=\"https:\/\/biomedicale.u-paris.fr\/ums\/scm\" target=\"_blank\" rel=\"noopener noreferrer\">SCM &#8211; Service commun de microscopie<\/a><\/li>\n<li><a href=\"https:\/\/biomedicale.u-paris.fr\/biomedtech-facilities\/cyto2bm\/\">Cyto2BM &#8211; Cytom\u00e9trie en flux et Biologie Mol\u00e9culaire<\/a><\/li>\n<li><a href=\"https:\/\/biomedicale.u-paris.fr\/biomedtech-facilities\/ams\/\" title=\"Structural and Molecular Analysis Platform\">Structural and Molecular Analysis Platform<\/a><\/li>\n<\/ul>\n<h3><span class=\"ez-toc-section\" id=\"Direction\"><\/span>Direction<span class=\"ez-toc-section-end\"><\/span><\/h3>\n<p>L\u2019\u00e9quipe directoriale de l\u2019UMS est compos\u00e9e de\u00a0cinq personnes:<\/p>\n<table class=\"biomed_board\">\n<tbody>\n<tr class=\"row_header\">\n<td class=\"thboard\" colspan=\"7\">Equipe directoriale de l&rsquo;Unit\u00e9 de Service <strong>BioMedTech <i>Facilities<\/i><\/strong><\/td>\n<\/tr>\n<tr class=\"row_odd\">\n<td class=\"tdboard\" rowspan=\"1\">Directrice<\/td>\n<td class=\"tdboard\">Evelyne S\u00e9gal-Bendirdjian<\/td>\n<td class=\"tdboard\"><a href=\"mailto:evelyne.segal-bendirdjian@inserm.fr\">evelyne.segal-bendirdjian@inserm.fr<\/a><\/td>\n<\/tr>\n<tr class=\"row_even\">\n<td class=\"tdboard\" rowspan=\"1\">Directrice adjointe<\/td>\n<td class=\"tdboard\">Corinne Sagn\u00e9<\/td>\n<td class=\"tdboard\"><a href=\"mailto:corinne.sagne@parisdescartes.fr\">corinne.sagne@parisdescartes.fr<\/a><\/td>\n<\/tr>\n<tr class=\"row_even\">\n<td class=\"tdboard\" rowspan=\"1\">Secr\u00e9taire G\u00e9n\u00e9rale<\/td>\n<td class=\"tdboard\">&#8211;<\/td>\n<td class=\"tdboard\">&#8211;<\/td>\n<\/tr>\n<tr class=\"row_even\">\n<td class=\"tdboard\" rowspan=\"1\">Coordinatrice des Plateformes<\/td>\n<td class=\"tdboard\">St\u00e9phanie Dupuy<\/td>\n<td class=\"tdboard\"><a href=\"mailto:stephanie.dupuy@parisdescartes.fr\">stephanie.dupuy@parisdescartes.fr<\/a><\/td>\n<\/tr>\n<tr class=\"row_even\">\n<td class=\"tdboard\" rowspan=\"1\">Gestionnaire<\/td>\n<td class=\"tdboard\">Aline Bensamoun<\/td>\n<td class=\"tdboard\"><a href=\"mailto:aline.bensamoun@parisdescartes.fr\">aline.bensamoun@parisdescartes.fr<\/a><\/td>\n<\/tr>\n<\/tbody>\n<\/table>\n<h3><span class=\"ez-toc-section\" id=\"Contacts\"><\/span>Contacts<span class=\"ez-toc-section-end\"><\/span><\/h3>\n<p>UMS BioMedTech facilities | CNRS UMS 2009 | Inserm US 36<br \/>Universit\u00e9 Paris Cit\u00e9 &#8211; Campus Saint-Germain-des-Pr\u00e9s<br \/>45, rue des Saints-P\u00e8res 75006 Paris<br \/><a href=\"mailto:ums-bmtfacilities@u-paris.fr\" target=\"_blank\" rel=\"noopener\">UMS-BMTfacilities@u-paris.fr<\/a><\/p>\n<p>[\/et_pb_text][\/et_pb_column][\/et_pb_row][\/et_pb_section]<\/p>\n","protected":false},"excerpt":{"rendered":"<p>\u00a9 Tous droits r\u00e9serv\u00e9s Situ\u00e9e sur le site du Campus Saint-Germain-des-Pr\u00e9s de Universit\u00e9 Paris Cit\u00e9, dans le sixi\u00e8me arrondissement parisien, l&rsquo;UMS BioMedTech facilities a \u00e9t\u00e9 cr\u00e9\u00e9e le 1er janvier 2019. Reconnue par trois tutelles, l\u2019INSERM, le CNRS et Universit\u00e9 Paris Cit\u00e9, l\u2019UMS a pour mission de g\u00e9rer et d\u00e9velopper les plateformes technologiques essentielles \u00e0 l&rsquo;activit\u00e9 [&hellip;]<\/p>\n","protected":false},"author":1,"featured_media":0,"parent":0,"menu_order":0,"comment_status":"closed","ping_status":"closed","template":"","meta":{"_acf_changed":false,"_et_pb_use_builder":"on","_et_pb_old_content":"","_et_gb_content_width":"","footnotes":""},"class_list":["post-222","page","type-page","status-publish","hentry"],"acf":[],"_links":{"self":[{"href":"https:\/\/biomedicale-project.u-paris-sciences.fr\/index.php?rest_route=\/wp\/v2\/pages\/222","targetHints":{"allow":["GET"]}}],"collection":[{"href":"https:\/\/biomedicale-project.u-paris-sciences.fr\/index.php?rest_route=\/wp\/v2\/pages"}],"about":[{"href":"https:\/\/biomedicale-project.u-paris-sciences.fr\/index.php?rest_route=\/wp\/v2\/types\/page"}],"author":[{"embeddable":true,"href":"https:\/\/biomedicale-project.u-paris-sciences.fr\/index.php?rest_route=\/wp\/v2\/users\/1"}],"replies":[{"embeddable":true,"href":"https:\/\/biomedicale-project.u-paris-sciences.fr\/index.php?rest_route=%2Fwp%2Fv2%2Fcomments&post=222"}],"version-history":[{"count":0,"href":"https:\/\/biomedicale-project.u-paris-sciences.fr\/index.php?rest_route=\/wp\/v2\/pages\/222\/revisions"}],"wp:attachment":[{"href":"https:\/\/biomedicale-project.u-paris-sciences.fr\/index.php?rest_route=%2Fwp%2Fv2%2Fmedia&parent=222"}],"curies":[{"name":"wp","href":"https:\/\/api.w.org\/{rel}","templated":true}]}}