{"id":190,"date":"2018-11-15T11:48:06","date_gmt":"2018-11-15T10:48:06","guid":{"rendered":"https:\/\/biomedicale.u-paris.fr\/?page_id=190"},"modified":"2018-11-15T11:48:06","modified_gmt":"2018-11-15T10:48:06","slug":"contacts-scolarite","status":"publish","type":"page","link":"https:\/\/biomedicale-project.u-paris-sciences.fr\/?page_id=190","title":{"rendered":"Contacts Scolarit\u00e9"},"content":{"rendered":"<p>[et_pb_section fb_built=\u00a0\u00bb1&Prime; _builder_version=\u00a0\u00bb4.16&Prime; da_disable_devices=\u00a0\u00bboff|off|off\u00a0\u00bb global_colors_info=\u00a0\u00bb{}\u00a0\u00bb da_is_popup=\u00a0\u00bboff\u00a0\u00bb da_exit_intent=\u00a0\u00bboff\u00a0\u00bb da_has_close=\u00a0\u00bbon\u00a0\u00bb da_alt_close=\u00a0\u00bboff\u00a0\u00bb da_dark_close=\u00a0\u00bboff\u00a0\u00bb da_not_modal=\u00a0\u00bbon\u00a0\u00bb da_is_singular=\u00a0\u00bboff\u00a0\u00bb da_with_loader=\u00a0\u00bboff\u00a0\u00bb da_has_shadow=\u00a0\u00bbon\u00a0\u00bb][et_pb_row _builder_version=\u00a0\u00bb4.16&Prime; background_size=\u00a0\u00bbinitial\u00a0\u00bb background_position=\u00a0\u00bbtop_left\u00a0\u00bb background_repeat=\u00a0\u00bbrepeat\u00a0\u00bb global_colors_info=\u00a0\u00bb{}\u00a0\u00bb][et_pb_column type=\u00a0\u00bb4_4&Prime; _builder_version=\u00a0\u00bb4.16&Prime; custom_padding=\u00a0\u00bb|||\u00a0\u00bb global_colors_info=\u00a0\u00bb{}\u00a0\u00bb custom_padding__hover=\u00a0\u00bb|||\u00a0\u00bb][et_pb_post_title meta=\u00a0\u00bboff\u00a0\u00bb featured_image=\u00a0\u00bboff\u00a0\u00bb _builder_version=\u00a0\u00bb4.16&Prime; global_colors_info=\u00a0\u00bb{}\u00a0\u00bb][\/et_pb_post_title][et_pb_text _builder_version=\u00a0\u00bb4.21.0&Prime; hover_enabled=\u00a0\u00bb0&Prime; global_colors_info=\u00a0\u00bb{}\u00a0\u00bb sticky_enabled=\u00a0\u00bb0&Prime;]<\/p>\n<div class=\"\">\n<p>Les services de la scolarit\u00e9 vous accueillent (hors p\u00e9riode d\u2019inscriptions et d\u2019examens)<br \/>Du lundi au jeudi de 9h \u00e0 12h et de 13h \u00e0 17h<br \/>Le vendredi de 9h \u00e0 12h et de 13h \u00e0 16h30<\/p>\n<p>&nbsp;<\/p>\n<h3 class=\"spip\"><span class=\"ez-toc-section\" id=\"LICENCE_Sciences_biomedicales\"><\/span>LICENCE Sciences biom\u00e9dicales<span class=\"ez-toc-section-end\"><\/span><\/h3>\n<p>Gestion administrative et p\u00e9dagogique\u00a0:<br \/>1<span style=\"font-size: x-small;\"><sup class=\"typo_exposants\">re<\/sup><\/span> ann\u00e9e de licence (L1)\u00a0: Marie-Pierre KERMOISAN\u00a0: 01 76 53 46 67<br \/><a class=\"spip_mail\" title=\"scola.licence1[@]biomedicale.parisdescartes.fr\" href=\"mailto:scola.licence1@biomedicale.parisdescartes.fr\">scola.licence1<span class=\"cryptOK\">@<\/span>biomedicale.parisdescartes.fr<\/a><\/p>\n<p>2<span style=\"font-size: x-small;\"><sup class=\"typo_exposants\">e<\/sup><\/span> ann\u00e9e de licence (L2)\u00a0: Pascale LESOIN\u00a0: 01 76 53 46 68<br \/><a class=\"spip_mail\" title=\"scola.licence2[@]biomedicale.parisdescartes.fr\" href=\"mailto:scola.licence2@biomedicale.parisdescartes.fr\">scola.licence2<span class=\"cryptOK\">@<\/span>biomedicale.parisdescartes.fr<\/a><\/p>\n<p>3<span style=\"font-size: x-small;\"><sup class=\"typo_exposants\">e<\/sup><\/span> ann\u00e9e de licence (L3) : Nassera LOUIS : 01 76 53 46 62<br \/><a class=\"spip_mail\" title=\"scola.licence3[@]biomedicale.parisdescartes.fr\" href=\"mailto:scola.licence3@biomedicale.parisdescartes.fr\">scola.licence3<span class=\"cryptOK\">@<\/span>biomedicale.parisdescartes.fr<\/a><\/p>\n<hr class=\"spip\" \/>\n<h3 class=\"spip\"><span class=\"ez-toc-section\" id=\"LICENCE_PROFESSIONNELLE_Maintenance_et_technologie_technologie_medicale_et_biomedicale\"><\/span>LICENCE PROFESSIONNELLE Maintenance et technologie\u00a0: technologie m\u00e9dicale et biom\u00e9dicale<span class=\"ez-toc-section-end\"><\/span><\/h3>\n<p>Gestion administrative et p\u00e9dagogique<br \/>S\u00e9verine THIERY\u00a0: 01 76 53 46 66<\/p>\n<hr class=\"spip\" \/>\n<h3 class=\"spip\"><span class=\"ez-toc-section\" id=\"MASTERS\"><\/span>MASTERS<span class=\"ez-toc-section-end\"><\/span><\/h3>\n<h4>Bioing\u00e9nierie (BME)<\/h4>\n<p>Isabelle GUENERIE\u00a0: 01 76 53 46 64<\/p>\n<ul class=\"spip\">\n<li>M1 Bioing\u00e9nierie (BME)<\/li>\n<li>M2 Bioing\u00e9nierie (BME) sp\u00e9cialit\u00e9 Bioth\u00e9rapie Mol\u00e9culaire et Cellulaire (MCB)<\/li>\n<li>M2 Bioing\u00e9nierie (BME) sp\u00e9cialit\u00e9 Bioimagerie (BIM)<\/li>\n<\/ul>\n<h4>Frontiers in Chemistry<\/h4>\n<p>H\u00e9l\u00e8ne BONNET LE BRAS : <a href=\"mailto:helene.bonnet-le-bras@u-paris.fr\">helene.bonnet-le-bras@u-paris.fr<\/a> &#8211; 01 76 53 46 65 <\/p>\n<ul class=\"spip\">\n<li>M1 Frontiers in Chemistry<\/li>\n<li>M2 Frontiers in Chemistry sp\u00e9cialit\u00e9 Advanced Organic and Inorganic Chemistry for Biological Engineering (BioMol)<\/li>\n<li>M2 Frontiers in Chemistry sp\u00e9cialit\u00e9 Spectroscopies and Nanosciences for Biotechnologies (PhysChemLife)<\/li>\n<\/ul>\n<h4>Neuroscience<\/h4>\n<p>S\u00e9verine THIERY\u00a0: 01 76 53 46 66<\/p>\n<ul class=\"spip\">\n<li>M1 Neuroscience<\/li>\n<li>M2 Neuroscience<\/li>\n<\/ul>\n<h4>Toxicologie et \u00e9cotoxicologie<\/h4>\n<p>H\u00e9l\u00e8ne BONNET LE BRAS : <a href=\"mailto:helene.bonnet-le-bras@u-paris.fr\">helene.bonnet-le-bras@u-paris.fr<\/a> &#8211; 01 76 53 46 65 <\/p>\n<ul class=\"spip\">\n<li>M1 Toxicologie \/ M2 TES<\/li>\n<\/ul>\n<h4>Ergonomie<\/h4>\n<p>S\u00e9verine THIERY\u00a0: 01 76 53 46 66<\/p>\n<ul class=\"spip\">\n<li>M1-M2 Physique m\u00e9dicale et du vivant<\/li>\n<li>M1-M2 Ergonomie et ing\u00e9nierie facteurs humains<\/li>\n<\/ul>\n<ul class=\"spip\"><\/ul>\n<h4>Sciences Cognitives<\/h4>\n<p>C\u00e9line JOUZEAU : <a href=\"mailto:celine.jouzeau@u-paris.fr\">celine.jouzeau@u-paris.fr<\/a> &#8211; 01 76 53 46 11<\/p>\n<ul class=\"spip\">\n<li>M1 Sciences cognitives<\/li>\n<li>M2 Sciences cognitives<\/li>\n<\/ul>\n<h4>Informatique<\/h4>\n<p>Aline Dodeman : 01 76 53 46 25<\/p>\n<ul class=\"spip\">\n<li>M1-M2 informatique parcours Cybers\u00e9curit\u00e9 (FA*) et Cybers\u00e9curit\u00e9 et eSant\u00e9 (FI*)<\/li>\n<li>M1-M2 informatique parcours Machine Learning pour la Science des Donn\u00e9es (MLSD) (FA) et parcours Apprentissage Machine pour la Science des Donn\u00e9es (AMSD) (FI)<\/li>\n<\/ul>\n<p>* <strong>FA<\/strong>: Formation en alternance <strong>FI<\/strong>: Formation initiale<\/p>\n<hr class=\"spip\" \/>\n<h3 class=\"spip\"><span class=\"ez-toc-section\" id=\"BUREAU_DES_RELATIONS_INTERNATIONALES_DE_LUFR_DES_SCIENCES_FONDAMENTALES_ET_BIOMEDICALES_Erasmus_CREPUQ\"><\/span>BUREAU DES RELATIONS INTERNATIONALES DE L&rsquo;UFR DES SCIENCES FONDAMENTALES ET BIOMEDICALES (Erasmus, C.R.E.P.U.Q)<span class=\"ez-toc-section-end\"><\/span><\/h3>\n<p>Adresse de contact : <a href=\"mailto:international.biomed@parisdescartes.fr\" title=\"international.biomed@parisdescartes.fr\">international.biomed@parisdescartes.fr<\/a><\/p>\n<p><!-- Correspondante administrative\u00a0: Anabel BACHOUR : <a href=\"mailto:anabel.bachour@parisdescartes.fr\"><span id=\"wpmt-95671-673938\">anabel.bachour@parisdescartes.fr<\/span><\/a><strong> <\/strong>T\u00e9l. : 01 76 53 43 17<\/p>\n\n\n\n\n<p>Correspondante p\u00e9dagogique\u00a0: Mehrnaz JAFARIAN-TEHRANI\u00a0:\u00a0 <a href=\"mailto:mehrnaz.jafarian-tehrani@parisdescartes.fr\">mehrnaz.jafarian-tehrani@parisdescartes.fr<\/a> T\u00e9l. : 01 70 64 99 76 --><\/p>\n<hr class=\"spip\" \/>\n<h3 class=\"spip\"><span class=\"ez-toc-section\" id=\"DIPLOMES_UNIVERSITAIRES_ET_INTERUNIVERSITAIRES_CAPACITE_DE_MEDECINE\"><\/span>DIPL\u00d4MES UNIVERSITAIRES ET INTERUNIVERSITAIRES, CAPACITE DE MEDECINE<span class=\"ez-toc-section-end\"><\/span><\/h3>\n<p>Voir la page des <a class=\"spip_in\" href=\"https:\/\/biomedicale.u-paris.fr\/du-et-diu\/\">DU, DIU et Capacit\u00e9s<\/a><\/p>\n<p>Gestion administrative\u00a0:<\/p>\n<ul class=\"spip\">\n<li>Isabelle ROGERS-GIBOYAU\u00a0: 01 76 53 46 15<\/li>\n<\/ul>\n<\/div>\n<p>[\/et_pb_text][\/et_pb_column][\/et_pb_row][\/et_pb_section]<\/p>\n","protected":false},"excerpt":{"rendered":"<p>Les services de la scolarit\u00e9 vous accueillent (hors p\u00e9riode d\u2019inscriptions et d\u2019examens)Du lundi au jeudi de 9h \u00e0 12h et de 13h \u00e0 17hLe vendredi de 9h \u00e0 12h et de 13h \u00e0 16h30 &nbsp; LICENCE Sciences biom\u00e9dicales Gestion administrative et p\u00e9dagogique\u00a0:1re ann\u00e9e de licence (L1)\u00a0: Marie-Pierre KERMOISAN\u00a0: 01 76 53 46 67scola.licence1@biomedicale.parisdescartes.fr 2e ann\u00e9e [&hellip;]<\/p>\n","protected":false},"author":1,"featured_media":0,"parent":0,"menu_order":0,"comment_status":"closed","ping_status":"closed","template":"","meta":{"_acf_changed":false,"_et_pb_use_builder":"on","_et_pb_old_content":"","_et_gb_content_width":"","footnotes":""},"class_list":["post-190","page","type-page","status-publish","hentry"],"acf":[],"_links":{"self":[{"href":"https:\/\/biomedicale-project.u-paris-sciences.fr\/index.php?rest_route=\/wp\/v2\/pages\/190","targetHints":{"allow":["GET"]}}],"collection":[{"href":"https:\/\/biomedicale-project.u-paris-sciences.fr\/index.php?rest_route=\/wp\/v2\/pages"}],"about":[{"href":"https:\/\/biomedicale-project.u-paris-sciences.fr\/index.php?rest_route=\/wp\/v2\/types\/page"}],"author":[{"embeddable":true,"href":"https:\/\/biomedicale-project.u-paris-sciences.fr\/index.php?rest_route=\/wp\/v2\/users\/1"}],"replies":[{"embeddable":true,"href":"https:\/\/biomedicale-project.u-paris-sciences.fr\/index.php?rest_route=%2Fwp%2Fv2%2Fcomments&post=190"}],"version-history":[{"count":0,"href":"https:\/\/biomedicale-project.u-paris-sciences.fr\/index.php?rest_route=\/wp\/v2\/pages\/190\/revisions"}],"wp:attachment":[{"href":"https:\/\/biomedicale-project.u-paris-sciences.fr\/index.php?rest_route=%2Fwp%2Fv2%2Fmedia&parent=190"}],"curies":[{"name":"wp","href":"https:\/\/api.w.org\/{rel}","templated":true}]}}