{"id":15983,"date":"2022-04-20T11:02:28","date_gmt":"2022-04-20T09:02:28","guid":{"rendered":"https:\/\/biomedicale.u-paris.fr\/?page_id=15983"},"modified":"2022-04-20T11:02:28","modified_gmt":"2022-04-20T09:02:28","slug":"epedis-ethique-deontologie-integrite-scientifique","status":"publish","type":"page","link":"https:\/\/biomedicale-project.u-paris-sciences.fr\/?page_id=15983","title":{"rendered":"EPEDIS"},"content":{"rendered":"<p>[et_pb_section fb_built=\u00a0\u00bb1&Prime; _builder_version=\u00a0\u00bb4.16&Prime; global_colors_info=\u00a0\u00bb{}\u00a0\u00bb da_is_popup=\u00a0\u00bboff\u00a0\u00bb da_exit_intent=\u00a0\u00bboff\u00a0\u00bb da_has_close=\u00a0\u00bbon\u00a0\u00bb da_alt_close=\u00a0\u00bboff\u00a0\u00bb da_dark_close=\u00a0\u00bboff\u00a0\u00bb da_not_modal=\u00a0\u00bbon\u00a0\u00bb da_is_singular=\u00a0\u00bboff\u00a0\u00bb da_with_loader=\u00a0\u00bboff\u00a0\u00bb da_has_shadow=\u00a0\u00bbon\u00a0\u00bb da_disable_devices=\u00a0\u00bboff|off|off\u00a0\u00bb][et_pb_row _builder_version=\u00a0\u00bb4.16&Prime; max_width=\u00a0\u00bb1080px\u00a0\u00bb global_colors_info=\u00a0\u00bb{}\u00a0\u00bb][et_pb_column type=\u00a0\u00bb4_4&Prime; _builder_version=\u00a0\u00bb4.16&Prime; custom_padding=\u00a0\u00bb|||\u00a0\u00bb global_colors_info=\u00a0\u00bb{}\u00a0\u00bb custom_padding__hover=\u00a0\u00bb|||\u00a0\u00bb][et_pb_post_title meta=\u00a0\u00bboff\u00a0\u00bb featured_image=\u00a0\u00bboff\u00a0\u00bb admin_label=\u00a0\u00bbTitre de la page\u00a0\u00bb _builder_version=\u00a0\u00bb4.16&Prime; global_colors_info=\u00a0\u00bb{}\u00a0\u00bb][\/et_pb_post_title][et_pb_text _builder_version=\u00a0\u00bb4.16.1&Prime; _module_preset=\u00a0\u00bbdefault\u00a0\u00bb global_colors_info=\u00a0\u00bb{}\u00a0\u00bb]<\/p>\n<h2><span class=\"ez-toc-section\" id=\"Equipe_pedagogique_ethique_deontologie_integrite_scientifique\"><\/span>\u00c9quipe p\u00e9dagogique \u00e9thique, d\u00e9ontologie, int\u00e9grit\u00e9 scientifique<span class=\"ez-toc-section-end\"><\/span><\/h2>\n<p>[\/et_pb_text][\/et_pb_column][\/et_pb_row][et_pb_row column_structure=\u00a0\u00bb3_4,1_4&Prime; module_id=\u00a0\u00bbimage-page-type\u00a0\u00bb _builder_version=\u00a0\u00bb4.16&Prime; max_width=\u00a0\u00bb1080px\u00a0\u00bb global_colors_info=\u00a0\u00bb{}\u00a0\u00bb][et_pb_column type=\u00a0\u00bb3_4&Prime; _builder_version=\u00a0\u00bb4.16&Prime; custom_padding=\u00a0\u00bb|||\u00a0\u00bb global_colors_info=\u00a0\u00bb{}\u00a0\u00bb custom_padding__hover=\u00a0\u00bb|||\u00a0\u00bb][et_pb_image src=\u00a0\u00bbhttp:\/\/biomedicale-project.u-paris-sciences.fr\/wp-content\/uploads\/2022\/04\/epedis.png\u00a0\u00bb title_text=\u00a0\u00bb\u00e9p\u00e9dis\u00a0\u00bb align_tablet=\u00a0\u00bbcenter\u00a0\u00bb align_phone=\u00a0\u00bbcenter\u00a0\u00bb align_last_edited=\u00a0\u00bbon|desktop\u00a0\u00bb admin_label=\u00a0\u00bbImage 1920 x 1080&Prime; module_id=\u00a0\u00bbimage-page\u00a0\u00bb _builder_version=\u00a0\u00bb4.16.1&Prime; z_index_tablet=\u00a0\u00bb500&Prime; global_colors_info=\u00a0\u00bb{}\u00a0\u00bb][\/et_pb_image][\/et_pb_column][et_pb_column type=\u00a0\u00bb1_4&Prime; _builder_version=\u00a0\u00bb4.16&Prime; custom_padding=\u00a0\u00bb|||\u00a0\u00bb global_colors_info=\u00a0\u00bb{}\u00a0\u00bb custom_padding__hover=\u00a0\u00bb|||\u00a0\u00bb][et_pb_text admin_label=\u00a0\u00bbTexte image\u00a0\u00bb module_id=\u00a0\u00bbtexte-image\u00a0\u00bb _builder_version=\u00a0\u00bb4.16&Prime; background_color=\u00a0\u00bbrgba(242,242,242,0)\u00a0\u00bb custom_margin=\u00a0\u00bb|-15px||\u00a0\u00bb z_index_tablet=\u00a0\u00bb500&Prime; global_colors_info=\u00a0\u00bb{}\u00a0\u00bb][\/et_pb_text][\/et_pb_column][\/et_pb_row][et_pb_row _builder_version=\u00a0\u00bb4.16&Prime; background_size=\u00a0\u00bbinitial\u00a0\u00bb background_position=\u00a0\u00bbtop_left\u00a0\u00bb background_repeat=\u00a0\u00bbrepeat\u00a0\u00bb global_colors_info=\u00a0\u00bb{}\u00a0\u00bb][et_pb_column type=\u00a0\u00bb4_4&Prime; _builder_version=\u00a0\u00bb4.16&Prime; custom_padding=\u00a0\u00bb|||\u00a0\u00bb global_colors_info=\u00a0\u00bb{}\u00a0\u00bb custom_padding__hover=\u00a0\u00bb|||\u00a0\u00bb][et_pb_text admin_label=\u00a0\u00bbl\u00c8gende\u00a0\u00bb module_id=\u00a0\u00bblegende\u00a0\u00bb _builder_version=\u00a0\u00bb4.16&Prime; global_colors_info=\u00a0\u00bb{}\u00a0\u00bb]<\/p>\n<div class=\"page\" title=\"Page 1\">\n<div class=\"layoutArea\">\n<div class=\"column\">\n<p>\u00a9 Tous droits r\u00e9serv\u00e9s<\/p>\n<\/div>\n<\/div>\n<\/div>\n<p>[\/et_pb_text][\/et_pb_column][\/et_pb_row][et_pb_row _builder_version=\u00a0\u00bb4.16&Prime; background_size=\u00a0\u00bbinitial\u00a0\u00bb background_position=\u00a0\u00bbtop_left\u00a0\u00bb background_repeat=\u00a0\u00bbrepeat\u00a0\u00bb global_colors_info=\u00a0\u00bb{}\u00a0\u00bb][et_pb_column type=\u00a0\u00bb4_4&Prime; _builder_version=\u00a0\u00bb4.16&Prime; custom_padding=\u00a0\u00bb|||\u00a0\u00bb global_colors_info=\u00a0\u00bb{}\u00a0\u00bb custom_padding__hover=\u00a0\u00bb|||\u00a0\u00bb][et_pb_text module_id=\u00a0\u00bbcontenu\u00a0\u00bb _builder_version=\u00a0\u00bb4.21.0&Prime; hover_enabled=\u00a0\u00bb0&Prime; z_index_tablet=\u00a0\u00bb500&Prime; global_colors_info=\u00a0\u00bb{}\u00a0\u00bb sticky_enabled=\u00a0\u00bb0&Prime;]<\/p>\n<p>\u00c9thique, d\u00e9ontologie et int\u00e9grit\u00e9 scientifique sont garants du lien de confiance qui doit s\u2019\u00e9tablir entre chercheurs et citoyens. Les valeurs qu\u2019elles font vivre portent le d\u00e9veloppement d\u2019une recherche scientifique responsable, avec et pour les autres, ayant pour vis\u00e9e une science honn\u00eate, fiable, loyale et responsable. La crise li\u00e9e \u00e0 la Covid-19 a mis en lumi\u00e8re de fa\u00e7on aigue l\u2019importance de cette trame et des valeurs qui la soutiennent. La compr\u00e9hension de la m\u00e9thode scientifique et l\u2019interpr\u00e9tation des r\u00e9sultats d\u2019une recherche de \u00ab bonne foi \u00bb ne peuvent pas s\u2019acqu\u00e9rir en quelques mois. Il est donc primordial que chacun de nous s\u2019approprie ces valeurs, les normes et les comportements qu\u2019ils englobent pour aboutir \u00e0 une v\u00e9ritable \u00e9thique des pratiques en recherche. Ainsi chacun doit confronter ses propres pratiques \u00e0 celles des autres, prendre en compte leurs \u00e9coutes et les attentes de la soci\u00e9t\u00e9, puis s\u2019y aligner pour aplanir les contradictions et amoindrir les tensions. Par l\u2019\u00e9coute et la m\u00e9diation, on rend la science respectueuse et utile aux autres.<\/p>\n<p>Nous avons mis en place un ensemble coh\u00e9rent d\u2019Unit\u00e9s d\u2019Enseignement (UE), de la licence jusqu\u2019au doctorat, au sein de l\u2019UFR des sciences fondamentales et biom\u00e9dicales. Cet ensemble englobe le Droit qui a vocation \u00e0 r\u00e9gir la recherche scientifique dans ses volets relatifs aux d\u00e9couvertes et innovations, statuts des chercheurs et structures institutionnelles les abritant. Il est indissociable de la libert\u00e9 de la recherche scientifique et est \u00e9galement li\u00e9 \u00e0 l&rsquo;int\u00e9grit\u00e9 scientifique qui est indispensable sans \u00eatre toujours codifi\u00e9e. Les enseignements dans ces domaines jettent les bases de la r\u00e9alisation d\u2019une recherche honn\u00eate, reproductible, r\u00e9plicable et rationnelle. La production de cette recherche doit \u00eatre originale, accessible et capable de faire r\u00e9f\u00e9rence \u00e0 l\u2019\u00e9tat de l\u2019art. L\u2019int\u00e9grit\u00e9 scientifique met aussi l\u2019accent sur l\u2019importance du collectif dans la production savante, ce qui implique une juste valorisation du travail de chaque membre de l\u2019\u00e9quipe de recherche. L\u2019\u00e9thique interroge entre autres sur le comportement du chercheur professionnel ou amateur pour \u00eatre ou rester int\u00e8gre dans un contexte donn\u00e9.<\/p>\n<h3><span class=\"ez-toc-section\" id=\"Membres\"><\/span><strong>Membres<\/strong><span class=\"ez-toc-section-end\"><\/span><\/h3>\n<p><em>Philippe Beaune, Docteur es Sciences, professeur \u00e9m\u00e9rite, universit\u00e9 Paris Cit\u00e9<br \/>C\u00f4me Bommier, Docteur en m\u00e9decine, H\u00f4pital Saint-Louis<\/em><br \/><em>Ghislaine Filliatreau, Docteure es Sciences, directrice de recherche \u00e9m\u00e9rite, Inserm<\/em><br \/><em>Claude Forest, Docteur es Sciences, directeur de recherche honoraire de l\u2019Inserm*<\/em><br \/><em>Jacques Haiech, Docteur en biologie, professeur honoraire, universit\u00e9 de Strasbourg<\/em><br \/><em>Christian Herv\u00e9, Docteur en m\u00e9decine, professeur \u00e9m\u00e9rite, universit\u00e9 Paris Cit\u00e9<br \/>Genevi\u00e8ve Marignac, Docteure v\u00e9t\u00e9rinaire, Maitresse de Conf\u00e9rences, Ecole nationale v\u00e9t\u00e9rinaire d\u2019Alfort<\/em><br \/><em>Catherine Puigelier, Juriste, professeur, universit\u00e9 Paris Lumi\u00e8res<\/em><br \/><em>Henri-Corto Stoekl\u00e9, Docteur en \u00e9thique m\u00e9dicale, h\u00f4pital Foch<\/em><\/p>\n<h3><span class=\"ez-toc-section\" id=\"Correspondance\"><\/span><strong>Correspondance<\/strong><span class=\"ez-toc-section-end\"><\/span><\/h3>\n<p><a href=\"mailto:claude.forest@parisdescartes.fr\" target=\"_blank\" rel=\"noopener\">claude.forest@parisdescartes.fr<\/a><\/p>\n<p><strong>Philippe Beaune <\/strong>est professeur \u00e9m\u00e9rite de biochimie et biologie mol\u00e9culaire \u00e0 l\u2019universit\u00e9 Paris Cit\u00e9. Il est docteur en pharmacie et docteur es Sciences. Il a fait un stage post doctoral \u00e0 Li\u00e8ge en Belgique (6mois) et un autre \u00e0 l\u2019Universit\u00e9 Vanderbilt (2 ans) aux USA. Il a dirig\u00e9 et fond\u00e9 l\u2019unit\u00e9 INSERMU 490 Toxicologie Mol\u00e9culaire, et dirig\u00e9 le service de Biochimie et le p\u00f4le de Biologie de l\u2019H\u00f4pital Europ\u00e9en Georges Pompidou. Membre de deux commissions INSERM, d\u2019une commission de l\u2019ANR (Vice-Pr\u00e9sident) et de nombreux conseils scientifiques (APHP, INRA, INSERM, Agence du m\u00e9dicament\u2026). Il est \u00e9galement impliqu\u00e9 dans la qualit\u00e9 (responsable assurance qualit\u00e9 H\u00f4pital Europ\u00e9en Georges Pompidou, \u00e9valuateur COFRAC).<\/p>\n<p><strong>C\u00f4me Bommier<\/strong> est h\u00e9matologue sp\u00e9cialis\u00e9 dans les pathologies lympho\u00efdes et chercheur en \u00e9pid\u00e9miologie clinique au sein de l&rsquo;h\u00f4pital Saint-Louis (Paris). Secr\u00e9taire de la Soci\u00e9t\u00e9 Fran\u00e7aise et Francophone d&rsquo;\u00c9thique M\u00e9dicale (SFFEM) et r\u00e9dacteur de la revue Ethics Medicine &amp; Public Health, il est enseignant en \u00e9thique et int\u00e9grit\u00e9 au sein de l&rsquo;universit\u00e9 Paris Cit\u00e9 \u00e0 la fois pour la facult\u00e9 de chirurgie odontologique et pour le master BME.<\/p>\n<p><strong>Ghislaine Filliatreau<\/strong> est directrice de recherche \u00e9m\u00e9rite, d\u00e9l\u00e9gu\u00e9e \u00e0 l&rsquo;int\u00e9grit\u00e9 scientifique, membre du coll\u00e8ge de d\u00e9ontologie et invit\u00e9e permanente du comit\u00e9 d&rsquo;\u00e9thique de l&rsquo;Inserm. Docteure es Sciences, biologiste, elle a notamment \u00e9t\u00e9 directrice du GIP Observatoire des Sciences et des Techniques, membre de plusieurs commissions d\u2019e\u0301valuation de la recherche et de diffe\u0301rents conseils scientifiques. Elle a particip\u00e9 \u00e0 des \u00e9tudes d&rsquo;\u00e9valuation des politiques de recherche, ainsi qu&rsquo;\u00e0 des comparaisons internationales entre les syst\u00e8mes d&rsquo;enseignement sup\u00e9rieur et de recherche.<\/p>\n<p><strong>Claude Forest<\/strong> est directeur de recherche honoraire de l\u2019Inserm \u00e0 l\u2019universit\u00e9 Paris Cit\u00e9. Il est docteur es sciences et biochimiste. Apr\u00e8s un stage post-doctoral de 3 ans aux USA il a cr\u00e9\u00e9 l&rsquo;unite\u0301 Inserm 530 \u00e0 Paris. Il a e\u0301te\u0301 membre de plusieurs commissions d\u2019e\u0301valuation de la recherche et de diffe\u0301rents conseils scientifiques. Il a participe\u0301 a\u0300 l\u2019organisation de cursus universitaires (Masters, ED) et a \u00e9t\u00e9 responsable pe\u0301dagogique de la PACES de l\u2019universite\u0301 Paris Descartes. Depuis 2015, il s\u2019est implique\u0301 dans la sensibilisation du personnel de recherche et des e\u0301tudiants aux causes et conse\u0301quences des manquements a\u0300 l\u2019inte\u0301grite\u0301 scientifique.<\/p>\n<p><strong>Jacques Haiech<\/strong> est professeur honoraire de biotechnologie \u00e0 l\u2019universit\u00e9 de Strasbourg. Titulaire d\u2019un master et d\u2019une agr\u00e9gation en math\u00e9matiques, d\u2019un master et d\u2019une th\u00e8se en biologie, il a travaill\u00e9 sur la compr\u00e9hension de la gestion de l\u2019information par la cellule \u00e0 la fois dans son aspect recherche fondamentale mais aussi afin de d\u00e9velopper des m\u00e9dicaments (oncologie et pathologies inflammatoires). Par le biais de l\u2019exercice de responsabilit\u00e9s dans l\u2019administration de la recherche (directeur du programme national de g\u00e9nomique, directeur du d\u00e9partement biologie-sant\u00e9 du Minist\u00e8re de la Recherche et de l\u2019Enseignement Sup\u00e9rieur, d\u00e9l\u00e9gu\u00e9 scientifique \u00e0 l\u2019AERES), il a travaill\u00e9 sur les m\u00e9thodologies d\u2019\u00e9valuation de la recherche et plus r\u00e9cemment, sur les liens entre int\u00e9grit\u00e9 scientifique et modes d\u2019\u00e9valuation des scientifiques.<\/p>\n<p><strong>Christian Herv\u00e9<\/strong> est professeur \u00e9m\u00e9rite de l\u2019universit\u00e9 Paris Cit\u00e9 et professeur attach\u00e9 \u00e0 l\u2019UFR Simone Veil &#8211; Sant\u00e9 de l&rsquo;Universit\u00e9 de Versailles-Saint-Quentin-en-Yvelines. Docteur en m\u00e9decine (anesth\u00e9sie-r\u00e9animation) et en science (biologie humaine), il est chef du d\u00e9partement d\u2019\u00e9thique et int\u00e9grit\u00e9 scientifique de l\u2019h\u00f4pital Foch. Il enseigne et fait de la recherche (\u00e9tudes interdisciplinaires, recherche empirique, etc.) en sciences de la vie, sant\u00e9 et bio\u00e9thique.<\/p>\n<p><strong>Genevi\u00e8ve Marignac<\/strong> est maitresse de conf\u00e9rences \u00e0 l&rsquo;Ecole Nationale V\u00e9t\u00e9rinaire d&rsquo;Alfort. Apr\u00e8s avoir mis en place la Dermatologie clinique pendant 15 ans, elle enseigne \u00e0 pr\u00e9sent l&rsquo;\u00e9thique v\u00e9t\u00e9rinaire et les fondamentaux du droit, en particulier celui de l&rsquo;animal, M\u00e9diatrice sp\u00e9cialis\u00e9e en m\u00e9diation administrative, elle fonde son enseignement et sa recherche sur son exp\u00e9rience de la relation de soin complexe qui se forge autour de l&rsquo;animal, de ses accompagnants et des imp\u00e9ratifs r\u00e9glementaires, de sant\u00e9 publique et \u00e9conomiques. Sa recherche porte aussi sur l&rsquo;\u00e9thique professionnelle des v\u00e9t\u00e9rinaires et la prise de d\u00e9cision face \u00e0 des situations de dilemme.<\/p>\n<p><strong>Catherine Puigelier<\/strong> est professeur \u00e0 l\u2019universit\u00e9 Paris Lumi\u00e8res (Paris VIII) et membre du laboratoire de droit social de l\u2019universit\u00e9 Paris Panth\u00e9on-Assas. Titulaire d\u2019une th\u00e8se de droit priv\u00e9 (laur\u00e9at de la Chancellerie des Universit\u00e9s de Paris, prix Henri Capitant), d\u2019une th\u00e8se de philosophie et d\u2019une th\u00e8se de psychologie, ses travaux portent sur le droit de la recherche scientifique et le droit de la sant\u00e9. Elle est responsable d\u2019un master 2 Droit m\u00e9dical, de la bio\u00e9thique et de la sant\u00e9 et coresponsable d\u2019un master de Droit processuel et d\u2019un master 2 d\u2019Institutions juridictionnelles et grands proc\u00e8s. Elle a \u00e9t\u00e9 la directrice de l\u2019Institut d\u2019\u00e9tudes judiciaires de l\u2019universit\u00e9 Sorbonne Paris Nord et elle est directrice de l\u2019Institut d\u2019\u00e9tudes judiciaires de l\u2019universit\u00e9 Paris Lumi\u00e8res. Elle a \u00e9crit plusieurs livres seule ou en codirection consacr\u00e9s au droit de la recherche scientifique.<\/p>\n<p><strong>Henri-Corto Stoekl\u00e9<\/strong> est dipl\u00f4m\u00e9 du magist\u00e8re europ\u00e9en de g\u00e9n\u00e9tique et docteur en \u00e9thique m\u00e9dicale. Il est responsable de l\u2019\u00e9thique dans le d\u00e9partement d\u2019\u00e9thique et int\u00e9grit\u00e9 scientifique de l\u2019h\u00f4pital Foch. Il enseigne et fait de la recherche (\u00e9tudes interdisciplinaires, recherche empirique, etc.) en sciences de la vie, sant\u00e9 et bio\u00e9thique.<\/p>\n<p>[\/et_pb_text][\/et_pb_column][\/et_pb_row][\/et_pb_section][et_pb_section fb_built=\u00a0\u00bb1&Prime; _builder_version=\u00a0\u00bb4.16&Prime; custom_padding=\u00a0\u00bb0px||0px|\u00a0\u00bb global_colors_info=\u00a0\u00bb{}\u00a0\u00bb da_is_popup=\u00a0\u00bboff\u00a0\u00bb da_exit_intent=\u00a0\u00bboff\u00a0\u00bb da_has_close=\u00a0\u00bbon\u00a0\u00bb da_alt_close=\u00a0\u00bboff\u00a0\u00bb da_dark_close=\u00a0\u00bboff\u00a0\u00bb da_not_modal=\u00a0\u00bbon\u00a0\u00bb da_is_singular=\u00a0\u00bboff\u00a0\u00bb da_with_loader=\u00a0\u00bboff\u00a0\u00bb da_has_shadow=\u00a0\u00bbon\u00a0\u00bb da_disable_devices=\u00a0\u00bboff|off|off\u00a0\u00bb][et_pb_row _builder_version=\u00a0\u00bb4.16&Prime; max_width=\u00a0\u00bb1080px\u00a0\u00bb global_colors_info=\u00a0\u00bb{}\u00a0\u00bb][et_pb_column type=\u00a0\u00bb4_4&Prime; _builder_version=\u00a0\u00bb4.16&Prime; custom_padding=\u00a0\u00bb|||\u00a0\u00bb global_colors_info=\u00a0\u00bb{}\u00a0\u00bb custom_padding__hover=\u00a0\u00bb|||\u00a0\u00bb][et_pb_text admin_label=\u00a0\u00bbArticles similaires\u00a0\u00bb _builder_version=\u00a0\u00bb4.16&Prime; global_colors_info=\u00a0\u00bb{}\u00a0\u00bb]<\/p>\n<h2><span class=\"ez-toc-section\" id=\"A_lire_aussi\"><\/span><span class=\"st\">\u00c0<\/span> lire aussi<span class=\"ez-toc-section-end\"><\/span><\/h2>\n<p>[\/et_pb_text][et_pb_blog fullwidth=\u00a0\u00bboff\u00a0\u00bb posts_number=\u00a0\u00bb4&Prime; include_categories=\u00a0\u00bb38,45,14,12,11,15,1,13&Prime; show_author=\u00a0\u00bboff\u00a0\u00bb show_date=\u00a0\u00bboff\u00a0\u00bb show_pagination=\u00a0\u00bboff\u00a0\u00bb _builder_version=\u00a0\u00bb4.16.1&Prime; header_level=\u00a0\u00bbh4&Prime; border_width_bottom_fullwidth=\u00a0\u00bb1px\u00a0\u00bb border_color_bottom_fullwidth=\u00a0\u00bbrgba(51,51,51,0.18)\u00a0\u00bb global_colors_info=\u00a0\u00bb{}\u00a0\u00bb][\/et_pb_blog][\/et_pb_column][\/et_pb_row][\/et_pb_section]<\/p>\n","protected":false},"excerpt":{"rendered":"<p>\u00c9quipe p\u00e9dagogique \u00e9thique, d\u00e9ontologie, int\u00e9grit\u00e9 scientifique \u00a9 Tous droits r\u00e9serv\u00e9s \u00c9thique, d\u00e9ontologie et int\u00e9grit\u00e9 scientifique sont garants du lien de confiance qui doit s\u2019\u00e9tablir entre chercheurs et citoyens. Les valeurs qu\u2019elles font vivre portent le d\u00e9veloppement d\u2019une recherche scientifique responsable, avec et pour les autres, ayant pour vis\u00e9e une science honn\u00eate, fiable, loyale et responsable. [&hellip;]<\/p>\n","protected":false},"author":1,"featured_media":0,"parent":0,"menu_order":0,"comment_status":"closed","ping_status":"closed","template":"","meta":{"_acf_changed":false,"_et_pb_use_builder":"on","_et_pb_old_content":"","_et_gb_content_width":"","footnotes":""},"class_list":["post-15983","page","type-page","status-publish","hentry"],"acf":[],"_links":{"self":[{"href":"https:\/\/biomedicale-project.u-paris-sciences.fr\/index.php?rest_route=\/wp\/v2\/pages\/15983","targetHints":{"allow":["GET"]}}],"collection":[{"href":"https:\/\/biomedicale-project.u-paris-sciences.fr\/index.php?rest_route=\/wp\/v2\/pages"}],"about":[{"href":"https:\/\/biomedicale-project.u-paris-sciences.fr\/index.php?rest_route=\/wp\/v2\/types\/page"}],"author":[{"embeddable":true,"href":"https:\/\/biomedicale-project.u-paris-sciences.fr\/index.php?rest_route=\/wp\/v2\/users\/1"}],"replies":[{"embeddable":true,"href":"https:\/\/biomedicale-project.u-paris-sciences.fr\/index.php?rest_route=%2Fwp%2Fv2%2Fcomments&post=15983"}],"version-history":[{"count":0,"href":"https:\/\/biomedicale-project.u-paris-sciences.fr\/index.php?rest_route=\/wp\/v2\/pages\/15983\/revisions"}],"wp:attachment":[{"href":"https:\/\/biomedicale-project.u-paris-sciences.fr\/index.php?rest_route=%2Fwp%2Fv2%2Fmedia&parent=15983"}],"curies":[{"name":"wp","href":"https:\/\/api.w.org\/{rel}","templated":true}]}}