{"id":118,"date":"2018-11-15T10:48:58","date_gmt":"2018-11-15T09:48:58","guid":{"rendered":"https:\/\/biomedicale.u-paris.fr\/?page_id=118"},"modified":"2018-11-15T10:48:58","modified_gmt":"2018-11-15T09:48:58","slug":"infos-pratiques","status":"publish","type":"page","link":"https:\/\/biomedicale-project.u-paris-sciences.fr\/?page_id=118","title":{"rendered":"Infos pratiques"},"content":{"rendered":"<p>[et_pb_section fb_built=\u00a0\u00bb1&Prime; _builder_version=\u00a0\u00bb3.22&Prime;][et_pb_row _builder_version=\u00a0\u00bb3.25&Prime; background_size=\u00a0\u00bbinitial\u00a0\u00bb background_position=\u00a0\u00bbtop_left\u00a0\u00bb background_repeat=\u00a0\u00bbrepeat\u00a0\u00bb][et_pb_column type=\u00a0\u00bb4_4&Prime; _builder_version=\u00a0\u00bb3.25&Prime; custom_padding=\u00a0\u00bb|||\u00a0\u00bb custom_padding__hover=\u00a0\u00bb|||\u00a0\u00bb][et_pb_post_title meta=\u00a0\u00bboff\u00a0\u00bb featured_image=\u00a0\u00bboff\u00a0\u00bb _builder_version=\u00a0\u00bb3.16.1&Prime;][\/et_pb_post_title][et_pb_text _builder_version=\u00a0\u00bb4.9.4&Prime;]<\/p>\n<p class=\"spip\"><a href=\"https:\/\/biomedicale.u-paris.fr\/calendrier-universitaire\/\" title=\"Calendrier universitaire\">Calendrier universitaire<\/a><\/p>\n<h3 class=\"spip\"><span class=\"ez-toc-section\" id=\"Plan_du_quartier_%C2%AB_Saints_Germain_des_Pres_%C2%BB_%E2%80%93_Moyens_dacces\"><\/span>Plan du quartier \u00ab\u00a0Saints Germain des Pr\u00e9s\u00a0\u00bb &#8211; Moyens d\u2019acc\u00e8s<span class=\"ez-toc-section-end\"><\/span><\/h3>\n<p>&nbsp;<\/p>\n<p>[\/et_pb_text][\/et_pb_column][\/et_pb_row][et_pb_row column_structure=\u00a0\u00bb1_2,1_2&Prime; _builder_version=\u00a0\u00bb3.25&Prime;][et_pb_column type=\u00a0\u00bb1_2&Prime; _builder_version=\u00a0\u00bb3.25&Prime; custom_padding=\u00a0\u00bb|||\u00a0\u00bb custom_padding__hover=\u00a0\u00bb|||\u00a0\u00bb][et_pb_text _builder_version=\u00a0\u00bb4.9.4&Prime; hover_enabled=\u00a0\u00bb0&Prime; border_radii=\u00a0\u00bbon|5px|5px|5px|5px\u00a0\u00bb sticky_enabled=\u00a0\u00bb0&Prime;]<iframe loading=\"lazy\" width=\"100%\" height=\"300px\" frameborder=\"0\" allowfullscreen src=\"\/\/umap.openstreetmap.fr\/fr\/map\/carte-sans-nom_685153?scaleControl=false&#038;miniMap=false&#038;scrollWheelZoom=false&#038;zoomControl=true&#038;allowEdit=false&#038;moreControl=true&#038;searchControl=null&#038;tilelayersControl=null&#038;embedControl=null&#038;datalayersControl=true&#038;onLoadPanel=undefined&#038;captionBar=false\"><\/iframe><\/p>\n<p><a href=\"\/\/umap.openstreetmap.fr\/fr\/map\/carte-sans-nom_685153\">Voir en plein \u00e9cran<\/a><\/p>\n<p>[\/et_pb_text][\/et_pb_column][et_pb_column type=\u00a0\u00bb1_2&Prime; _builder_version=\u00a0\u00bb3.25&Prime; custom_padding=\u00a0\u00bb|||\u00a0\u00bb custom_padding__hover=\u00a0\u00bb|||\u00a0\u00bb][et_pb_text _builder_version=\u00a0\u00bb3.27.4&Prime;]<\/p>\n<p><strong>UFR Sciences Fondamentales et Biom\u00e9dicales<\/strong><br \/> Campus Saint-Germain-des-Pr\u00e9s<br \/> 45 rue des Saints P\u00e8res<br \/> 75006 Paris<\/p>\n<ul>\n<li><a href=\"https:\/\/www.ratp.fr\/\" class=\"spip_out\" rel=\"external\">RATP<\/a>\n<ul class=\"spip\">\n<li>M\u00e9tro\n<ul class=\"spip\">\n<li>ligne M4, station <i>Saint-Germain-des-Pr\u00e9s<\/i><\/li>\n<li>ligne M10, station <i>Mabillon<\/i><\/li>\n<li>ligne M12, station <i>Rue du bac<\/i><\/li>\n<\/ul>\n<\/li>\n<li>Bus (voir plan ci-contre)<\/li>\n<\/ul>\n<\/li>\n<li><a href=\"https:\/\/www.transilien.com\/fr\/se-deplacer-et-visiter\/le-reseau\/les-lignes\/home\" class=\"spip_out\" rel=\"external\">SNCF<\/a> (Trains, RER)<a href=\"https:\/\/fr.mappy.com\/\" class=\"spip_out\" rel=\"external\"><\/a><\/li>\n<\/ul>\n<p>[\/et_pb_text][\/et_pb_column][\/et_pb_row][et_pb_row _builder_version=\u00a0\u00bb3.25&Prime; custom_padding=\u00a0\u00bb0|0px|27px|0px|false|false\u00a0\u00bb][et_pb_column type=\u00a0\u00bb4_4&Prime; _builder_version=\u00a0\u00bb3.25&Prime; custom_padding=\u00a0\u00bb|||\u00a0\u00bb custom_padding__hover=\u00a0\u00bb|||\u00a0\u00bb][et_pb_text _builder_version=\u00a0\u00bb3.27.4&Prime;]<\/p>\n<h3><span class=\"ez-toc-section\" id=\"Liens_utiles\"><\/span>Liens utiles<span class=\"ez-toc-section-end\"><\/span><\/h3>\n<p><a href=\"http:\/\/www.sytadin.fr\/\" class=\"spip_out\" rel=\"external\">Circulation routi\u00e8re en Ile de France<\/a> \/ Voir aussi <a href=\"https:\/\/fr.mappy.com\/\" class=\"spip_out\" rel=\"external\">Mappy<\/a><\/p>\n<p>[\/et_pb_text][\/et_pb_column][\/et_pb_row][et_pb_row _builder_version=\u00a0\u00bb3.25&Prime;][et_pb_column type=\u00a0\u00bb4_4&Prime; _builder_version=\u00a0\u00bb3.25&Prime; custom_padding=\u00a0\u00bb|||\u00a0\u00bb custom_padding__hover=\u00a0\u00bb|||\u00a0\u00bb][et_pb_text _builder_version=\u00a0\u00bb3.27.4&Prime;]<\/p>\n<h3 class=\"spip\"><span class=\"ez-toc-section\" id=\"Plans_du_Campus_Saint-Germain-des-Pres\"><\/span>Plans du Campus Saint-Germain-des-Pr\u00e9s<span class=\"ez-toc-section-end\"><\/span><\/h3>\n<p>[\/et_pb_text][et_pb_image src=\u00a0\u00bbhttp:\/\/biomedicale-project.u-paris-sciences.fr\/wp-content\/uploads\/2019\/02\/plan-cusp0-0d595.gif\u00a0\u00bb align_tablet=\u00a0\u00bbcenter\u00a0\u00bb align_phone=\u00a0\u00bb\u00a0\u00bb align_last_edited=\u00a0\u00bbon|desktop\u00a0\u00bb _builder_version=\u00a0\u00bb3.23&Prime;][\/et_pb_image][et_pb_image src=\u00a0\u00bbhttp:\/\/biomedicale-project.u-paris-sciences.fr\/wp-content\/uploads\/2020\/10\/Plan-tous-2020.png\u00a0\u00bb align_tablet=\u00a0\u00bbcenter\u00a0\u00bb align_phone=\u00a0\u00bb\u00a0\u00bb align_last_edited=\u00a0\u00bbon|desktop\u00a0\u00bb _builder_version=\u00a0\u00bb3.23&Prime;][\/et_pb_image][\/et_pb_column][\/et_pb_row][\/et_pb_section]<\/p>\n","protected":false},"excerpt":{"rendered":"<p>Calendrier universitaire Plan du quartier \u00ab\u00a0Saints Germain des Pr\u00e9s\u00a0\u00bb &#8211; Moyens d\u2019acc\u00e8s &nbsp;Voir en plein \u00e9cranUFR Sciences Fondamentales et Biom\u00e9dicales Campus Saint-Germain-des-Pr\u00e9s 45 rue des Saints P\u00e8res 75006 Paris RATP M\u00e9tro ligne M4, station Saint-Germain-des-Pr\u00e9s ligne M10, station Mabillon ligne M12, station Rue du bac Bus (voir plan ci-contre) SNCF (Trains, RER) Liens utiles Circulation [&hellip;]<\/p>\n","protected":false},"author":1,"featured_media":0,"parent":0,"menu_order":0,"comment_status":"closed","ping_status":"closed","template":"","meta":{"_acf_changed":false,"_et_pb_use_builder":"on","_et_pb_old_content":"<p>[et_pb_section bb_built=\"1\" _builder_version=\"3.8.1\"][et_pb_row][et_pb_column type=\"4_4\"][et_pb_post_title _builder_version=\"3.8.1\" meta=\"off\" featured_image=\"off\" \/][et_pb_text _builder_version=\"3.8.1\"]<\/p><p>Contenu en cours de r\u00e9daction.<\/p><p>[\/et_pb_text][\/et_pb_column][\/et_pb_row][\/et_pb_section]<\/p>","_et_gb_content_width":"","footnotes":""},"class_list":["post-118","page","type-page","status-publish","hentry"],"acf":[],"_links":{"self":[{"href":"https:\/\/biomedicale-project.u-paris-sciences.fr\/index.php?rest_route=\/wp\/v2\/pages\/118","targetHints":{"allow":["GET"]}}],"collection":[{"href":"https:\/\/biomedicale-project.u-paris-sciences.fr\/index.php?rest_route=\/wp\/v2\/pages"}],"about":[{"href":"https:\/\/biomedicale-project.u-paris-sciences.fr\/index.php?rest_route=\/wp\/v2\/types\/page"}],"author":[{"embeddable":true,"href":"https:\/\/biomedicale-project.u-paris-sciences.fr\/index.php?rest_route=\/wp\/v2\/users\/1"}],"replies":[{"embeddable":true,"href":"https:\/\/biomedicale-project.u-paris-sciences.fr\/index.php?rest_route=%2Fwp%2Fv2%2Fcomments&post=118"}],"version-history":[{"count":0,"href":"https:\/\/biomedicale-project.u-paris-sciences.fr\/index.php?rest_route=\/wp\/v2\/pages\/118\/revisions"}],"wp:attachment":[{"href":"https:\/\/biomedicale-project.u-paris-sciences.fr\/index.php?rest_route=%2Fwp%2Fv2%2Fmedia&parent=118"}],"curies":[{"name":"wp","href":"https:\/\/api.w.org\/{rel}","templated":true}]}}