{"id":1020,"date":"2019-01-07T16:30:17","date_gmt":"2019-01-07T15:30:17","guid":{"rendered":"https:\/\/biomedicale.u-paris.fr\/?page_id=1020"},"modified":"2019-01-07T16:30:17","modified_gmt":"2019-01-07T15:30:17","slug":"personnels","status":"publish","type":"page","link":"https:\/\/biomedicale-project.u-paris-sciences.fr\/?page_id=1020","title":{"rendered":"Personnels"},"content":{"rendered":"<p>[et_pb_section fb_built=\u00a0\u00bb1&Prime; admin_label=\u00a0\u00bbsection\u00a0\u00bb _builder_version=\u00a0\u00bb4.16&Prime; global_colors_info=\u00a0\u00bb{}\u00a0\u00bb][et_pb_row _builder_version=\u00a0\u00bb4.16&Prime; global_colors_info=\u00a0\u00bb{}\u00a0\u00bb][et_pb_column type=\u00a0\u00bb4_4&Prime; _builder_version=\u00a0\u00bb4.16&Prime; custom_padding=\u00a0\u00bb|||\u00a0\u00bb global_colors_info=\u00a0\u00bb{}\u00a0\u00bb custom_padding__hover=\u00a0\u00bb|||\u00a0\u00bb][et_pb_post_title meta=\u00a0\u00bboff\u00a0\u00bb _builder_version=\u00a0\u00bb4.16&Prime; global_colors_info=\u00a0\u00bb{}\u00a0\u00bb][\/et_pb_post_title][\/et_pb_column][\/et_pb_row][et_pb_row _builder_version=\u00a0\u00bb4.16&Prime; global_colors_info=\u00a0\u00bb{}\u00a0\u00bb][et_pb_column type=\u00a0\u00bb4_4&Prime; _builder_version=\u00a0\u00bb4.16&Prime; custom_padding=\u00a0\u00bb|||\u00a0\u00bb global_colors_info=\u00a0\u00bb{}\u00a0\u00bb custom_padding__hover=\u00a0\u00bb|||\u00a0\u00bb][et_pb_text _builder_version=\u00a0\u00bb4.19.0&Prime; global_colors_info=\u00a0\u00bb{}\u00a0\u00bb]<\/p>\n<h2><span class=\"ez-toc-section\" id=\"Activation_de_votre_compte_Universite_de_Paris\"><\/span>Activation de votre compte Universit\u00e9 de Paris<span class=\"ez-toc-section-end\"><\/span><\/h2>\n<p>Dans le cadre de la mise en place des services num\u00e9riques d\u2019Universit\u00e9 Paris Cit\u00e9, tous les personnels et les \u00e9tudiants doivent activer leur nouveau compte Universit\u00e9 Paris Cit\u00e9.<\/p>\n<p>Toutes les infos sur le site d&rsquo;Universit\u00e9 Paris Cit\u00e9: <a href=\"https:\/\/u-paris.fr\/activation-de-votre-compte-universite-de-paris\/\" target=\"_blank\" rel=\"noopener noreferrer\">https:\/\/u-paris.fr\/activation-de-votre-compte-universite-de-paris\/<\/a><\/p>\n<h2><span class=\"ez-toc-section\" id=\"Retrouvez_ici_les_liens_utiles\"><\/span>Retrouvez ici les liens utiles<span class=\"ez-toc-section-end\"><\/span><\/h2>\n<p><a href=\"https:\/\/moodle.u-paris.fr\/\" target=\"_blank\" rel=\"noopener noreferrer\">MOODLE UP<\/a><br \/><a href=\"https:\/\/rc.parisdescartes.fr\" target=\"_blank\" rel=\"noopener\">WEBMAIL<\/a><br \/><a href=\"https:\/\/intranet.biomedicale.parisdescartes.fr\/\" target=\"_blank\" rel=\"noopener\">INTRANET de l&rsquo;UFR Sciences Fondamentales et Biom\u00e9dicales<\/a><br \/><a href=\"https:\/\/intranet.u-paris.fr\/\" target=\"_blank\" rel=\"noopener\" title=\"INTRANET de l'universit\u00e9\">INTRANET de l&rsquo;universit\u00e9<\/a><br \/><a href=\"https:\/\/www.biomedicale.univ-paris5.fr\/scola\/\">SCOLA<\/a><br \/><a href=\"http:\/\/www.bu.univ-paris5.fr\/\">BIBLIOTHEQUES UNIVERSITAIRES<\/a><\/p>\n<h2><span class=\"ez-toc-section\" id=\"Vos_outils\"><\/span>Vos outils<span class=\"ez-toc-section-end\"><\/span><\/h2>\n<p>Le syst\u00e8me d\u2019information Universit\u00e9 de Paris se construit par \u00e9tapes, avec l\u2019objectif de proposer \u00e0 l\u2019ensemble des communaut\u00e9s (personnels et \u00e9tudiants) des outils communs.<\/p>\n<p>Outils de travail et applications disponibles\u00a0 :<\/p>\n<ul>\n<li><strong><a href=\"https:\/\/cloud.parisdescartes.fr\/\" target=\"_blank\" rel=\"noopener noreferrer\">Cloud Universit\u00e9 Paris Cit\u00e9<\/a><\/strong><br \/>&gt; <a href=\"https:\/\/faq.parisdescartes.fr\/comment-partager-des-documents-avec-mon-groupe-de-travail\/\" target=\"_blank\" rel=\"noopener noreferrer\">mode d\u2019emploi<\/a><\/li>\n<li><a href=\"https:\/\/u-paris.zoom.us\/\" target=\"_blank\" rel=\"noopener noreferrer\"><strong>Zoom Universit\u00e9 de Paris<\/strong> (visioconf\u00e9rence, r\u00e9union \u00e0 distance, classe virtuelle\u2026)<\/a><br \/>&gt; <a href=\"https:\/\/u-paris.fr\/faq-zoom\/\" target=\"_blank\" rel=\"noopener noreferrer\">mode d\u2019emploi<\/a> <strong>Bient\u00f4t une page d\u00e9di\u00e9e aux outils de visioconf\u00e9rence vous proposant des alternatives libres<\/strong><\/li>\n<li><strong><a href=\"https:\/\/sifac.u-paris.fr\/\" target=\"_blank\" rel=\"noopener noreferrer\">SIFAC <\/a><\/strong><a href=\"https:\/\/sifac.u-paris.fr\/\" target=\"_blank\" rel=\"noopener noreferrer\">(outil de gestion budg\u00e9taire, comptable et financi\u00e8re)<\/a><br \/><em>acc\u00e8s via VPN UP <\/em><a href=\"https:\/\/vpn.universitedeparis.fr\/global-protect\/login.esp\" target=\"_blank\" rel=\"noopener noreferrer\">https:\/\/vpn.universitedeparis.fr\/global-protect\/login.esp<\/a><em><br \/><\/em><\/li>\n<li><a href=\"https:\/\/apogee-ent.app.u-paris.fr\/FWA\/#!connexion\" target=\"_blank\" rel=\"noopener noreferrer\"><strong>APOG\u00c9E<\/strong> (logiciel de gestion de la scolarit\u00e9 des \u00e9tudiants)<\/a><br \/><em>acc\u00e8s via VPN UP <a href=\"https:\/\/vpn.universitedeparis.fr\/global-protect\/login.esp\" target=\"_blank\" rel=\"noopener noreferrer\"><\/a><\/em><a href=\"https:\/\/vpn.universitedeparis.fr\/global-protect\/login.esp\" target=\"_blank\" rel=\"noopener noreferrer\">https:\/\/vpn.universitedeparis.fr\/global-protect\/login.esp<\/a><em><br \/><\/em><\/li>\n<li><a href=\"https:\/\/production.siham.u-paris.fr\/\" target=\"_blank\" rel=\"noopener noreferrer\"><strong>SIHAM<\/strong>\u00a0 (logiciel de gestion RH)<\/a><br \/><em>acc\u00e8s via VPN UP <\/em><a href=\"https:\/\/vpn.universitedeparis.fr\/global-protect\/login.esp\" target=\"_blank\" rel=\"noopener noreferrer\">https:\/\/vpn.universitedeparis.fr\/global-protect\/login.esp<\/a><em><br \/><\/em><\/li>\n<li><a href=\"https:\/\/phare-edb.app.u-paris.fr\/\"><strong>PhaRe<\/strong> (demandes de recrutement)<\/a><br \/><em>acc\u00e8s via VPN UP <\/em><a href=\"https:\/\/vpn.universitedeparis.fr\/global-protect\/login.esp\" target=\"_blank\" rel=\"noopener noreferrer\">https:\/\/vpn.universitedeparis.fr\/global-protect\/login.esp<\/a><em><br \/><\/em><\/li>\n<li><a href=\"https:\/\/moodle.u-paris.fr\/\" target=\"_blank\" rel=\"noopener noreferrer\"><strong>Moodle<\/strong> (plateforme d\u2019apprentissage en ligne)<\/a><\/li>\n<\/ul>\n<p>Plusieurs <a href=\"https:\/\/faq.parisdescartes.fr\/category\/aide-groupe-de-travail-up\/\" target=\"_blank\" rel=\"noopener noreferrer\">FAQ autour des services num\u00e9riques d\u2019Universit\u00e9 Paris Cit\u00e9<\/a> (Zoom, liste de diffusion, partage de documents, etc.) sont \u00e9galement \u00e0 votre disposition, n\u2019h\u00e9sitez pas \u00e0 la consulter.<\/p>\n<p>[\/et_pb_text][\/et_pb_column][\/et_pb_row][\/et_pb_section]<\/p>\n","protected":false},"excerpt":{"rendered":"<p>Activation de votre compte Universit\u00e9 de Paris Dans le cadre de la mise en place des services num\u00e9riques d\u2019Universit\u00e9 Paris Cit\u00e9, tous les personnels et les \u00e9tudiants doivent activer leur nouveau compte Universit\u00e9 Paris Cit\u00e9. Toutes les infos sur le site d&rsquo;Universit\u00e9 Paris Cit\u00e9: https:\/\/u-paris.fr\/activation-de-votre-compte-universite-de-paris\/ Retrouvez ici les liens utiles MOODLE UPWEBMAILINTRANET de l&rsquo;UFR Sciences [&hellip;]<\/p>\n","protected":false},"author":1,"featured_media":0,"parent":0,"menu_order":0,"comment_status":"closed","ping_status":"closed","template":"","meta":{"_acf_changed":false,"_et_pb_use_builder":"on","_et_pb_old_content":"","_et_gb_content_width":"","footnotes":""},"class_list":["post-1020","page","type-page","status-publish","hentry"],"acf":[],"_links":{"self":[{"href":"https:\/\/biomedicale-project.u-paris-sciences.fr\/index.php?rest_route=\/wp\/v2\/pages\/1020","targetHints":{"allow":["GET"]}}],"collection":[{"href":"https:\/\/biomedicale-project.u-paris-sciences.fr\/index.php?rest_route=\/wp\/v2\/pages"}],"about":[{"href":"https:\/\/biomedicale-project.u-paris-sciences.fr\/index.php?rest_route=\/wp\/v2\/types\/page"}],"author":[{"embeddable":true,"href":"https:\/\/biomedicale-project.u-paris-sciences.fr\/index.php?rest_route=\/wp\/v2\/users\/1"}],"replies":[{"embeddable":true,"href":"https:\/\/biomedicale-project.u-paris-sciences.fr\/index.php?rest_route=%2Fwp%2Fv2%2Fcomments&post=1020"}],"version-history":[{"count":0,"href":"https:\/\/biomedicale-project.u-paris-sciences.fr\/index.php?rest_route=\/wp\/v2\/pages\/1020\/revisions"}],"wp:attachment":[{"href":"https:\/\/biomedicale-project.u-paris-sciences.fr\/index.php?rest_route=%2Fwp%2Fv2%2Fmedia&parent=1020"}],"curies":[{"name":"wp","href":"https:\/\/api.w.org\/{rel}","templated":true}]}}